{"id":4686,"date":"2022-10-29T06:28:37","date_gmt":"2022-10-29T04:28:37","guid":{"rendered":"http:\/\/f-v.dk\/contact-persons\/"},"modified":"2024-09-18T13:03:11","modified_gmt":"2024-09-18T11:03:11","slug":"contact-persons","status":"publish","type":"page","link":"https:\/\/f-v.dk\/en\/contact-persons\/","title":{"rendered":"Contact persons"},"content":{"rendered":"<section class=\"wpb-content-wrapper\"><p>[vc_row full_width=&#8221;stretch_row&#8221;][vc_column]<div class=\"ult-spacer spacer-69e24c1d5156a\" data-id=\"69e24c1d5156a\" data-height=\"90\" data-height-mobile=\"60\" data-height-tab=\"90\" data-height-tab-portrait=\"60\" data-height-mobile-landscape=\"60\" style=\"clear:both;display:block;\"><\/div>[vc_column_text]<\/p>\n<h2>Contact us<\/h2>\n<p>[\/vc_column_text][vc_empty_space height=&#8221;30px&#8221;][vc_separator color=&#8221;custom&#8221; accent_color=&#8221;rgba(0,0,0,0.1)&#8221;]<div class=\"ult-spacer spacer-69e24c1d515b3\" data-id=\"69e24c1d515b3\" data-height=\"45\" data-height-mobile=\"30\" data-height-tab=\"45\" data-height-tab-portrait=\"30\" data-height-mobile-landscape=\"30\" style=\"clear:both;display:block;\"><\/div>[vc_row_inner][vc_column_inner offset=&#8221;vc_col-lg-8 vc_col-md-8 vc_col-xs-12&#8243;][vc_column_text]<\/p>\n<h4>Managing Director<\/h4>\n<p>Helena Carstensen<br \/>\nPhone: (+45) 74 42 72 33<br \/>\nE-mail: helena@f-v.dk<\/p>\n<h4>Planner &amp; Accounts:\u200b<\/h4>\n<p>Helena Carstensen<br \/>\nPhone: (+45) 74 42 72 33<br \/>\nE-mail: <a href=\"mailto:helena@f-v.dk\">helena@f-v.dk<\/a>[\/vc_column_text][vc_empty_space height=&#8221;30px&#8221;][vc_column_text el_class=&#8221;white&#8221; css=&#8221;.vc_custom_1669987052416{padding: 30px !important;background-color: #274268 !important;}&#8221;]<\/p>\n<h4 style=\"text-align: center;\">Main office:\u200b <a href=\"tel:74427222\">(+45) 74 42 72 22<\/a>.\u200b\u200b<\/h4>\n<p>[\/vc_column_text]<div class=\"ult-spacer spacer-69e24c1d515d7\" data-id=\"69e24c1d515d7\" data-height=\"0\" data-height-mobile=\"30\" data-height-tab=\"0\" data-height-tab-portrait=\"30\" data-height-mobile-landscape=\"30\" style=\"clear:both;display:block;\"><\/div>[\/vc_column_inner][vc_column_inner offset=&#8221;vc_col-lg-4 vc_col-md-4 vc_col-xs-12&#8243;][vc_widget_sidebar sidebar_id=&#8221;sidebar-1&#8243; el_class=&#8221;contact-sidebar&#8221;][\/vc_column_inner][\/vc_row_inner]<div class=\"ult-spacer spacer-69e24c1d515f7\" data-id=\"69e24c1d515f7\" data-height=\"90\" data-height-mobile=\"60\" data-height-tab=\"90\" data-height-tab-portrait=\"60\" data-height-mobile-landscape=\"60\" style=\"clear:both;display:block;\"><\/div>[\/vc_column][\/vc_row][vc_row full_width=&#8221;stretch_row&#8221; el_class=&#8221;white parallax overlay&#8221; css=&#8221;.vc_custom_1669985670733{background-image: url(http:\/\/f-v.dk\/wp-content\/uploads\/2022\/12\/20160229-robert-carstensen43759-210-scaled.jpg?id=4490) !important;background-position: center !important;background-repeat: no-repeat !important;background-size: cover !important;}&#8221;][vc_column]<div class=\"ult-spacer spacer-69e24c1d51614\" data-id=\"69e24c1d51614\" data-height=\"135\" data-height-mobile=\"90\" data-height-tab=\"135\" data-height-tab-portrait=\"90\" data-height-mobile-landscape=\"90\" style=\"clear:both;display:block;\"><\/div>[vc_row_inner][vc_column_inner offset=&#8221;vc_col-lg-2 vc_col-md-2 vc_col-xs-12&#8243;][\/vc_column_inner][vc_column_inner offset=&#8221;vc_col-lg-8 vc_col-md-8 vc_col-xs-12&#8243;][vc_column_text]<\/p>\n<h3 style=\"text-align: center;\">Contact us and let&#8217;s have a no-obligation chat<\/h3>\n<p style=\"text-align: center;\">We are ready to answer any questions you may have that you cannot find answered here on the website. So don&#8217;t hesitate to call or write to us. We will be happy to have a completely non-binding chat with you about your plans.<\/p>\n<p style=\"text-align: center;\"><a href=\"\/en\/contact\/\">Contact us today<\/a><\/p>\n<p>[\/vc_column_text][\/vc_column_inner][vc_column_inner offset=&#8221;vc_col-lg-2 vc_col-md-2 vc_col-xs-12&#8243;][\/vc_column_inner][\/vc_row_inner]<div class=\"ult-spacer spacer-69e24c1d51630\" data-id=\"69e24c1d51630\" data-height=\"135\" data-height-mobile=\"90\" data-height-tab=\"135\" data-height-tab-portrait=\"90\" data-height-mobile-landscape=\"90\" style=\"clear:both;display:block;\"><\/div>[\/vc_column][\/vc_row]<\/p>\n<\/section>","protected":false},"excerpt":{"rendered":"<p>Let us handle your next project. Here you can get an insight into what we can help you with in this area.<\/p>\n","protected":false},"author":1,"featured_media":4631,"parent":0,"menu_order":6,"comment_status":"closed","ping_status":"closed","template":"","meta":{"footnotes":""},"categories":[],"acf":[],"yoast_head":"<!-- This site is optimized with the Yoast SEO plugin v19.11 - https:\/\/yoast.com\/wordpress\/plugins\/seo\/ -->\n<title>Contact persons &middot; Finmekanisk V\u00e6rksted ApS<\/title>\n<meta name=\"robots\" content=\"index, follow, max-snippet:-1, max-image-preview:large, max-video-preview:-1\" \/>\n<link rel=\"canonical\" href=\"https:\/\/f-v.dk\/en\/contact-persons\/\" \/>\n<meta property=\"og:locale\" content=\"en_US\" \/>\n<meta property=\"og:type\" content=\"article\" \/>\n<meta property=\"og:title\" content=\"Contact persons &middot; Finmekanisk V\u00e6rksted ApS\" \/>\n<meta property=\"og:description\" content=\"Let us handle your next project. Here you can get an insight into what we can help you with in this area.\" \/>\n<meta property=\"og:url\" content=\"https:\/\/f-v.dk\/en\/contact-persons\/\" \/>\n<meta property=\"og:site_name\" content=\"Finmekanisk V\u00e6rksted ApS\" \/>\n<meta property=\"article:modified_time\" content=\"2024-09-18T11:03:11+00:00\" \/>\n<meta property=\"og:image\" content=\"https:\/\/f-v.dk\/wp-content\/uploads\/2022\/12\/banner2-26.jpg\" \/>\n\t<meta property=\"og:image:width\" content=\"1920\" \/>\n\t<meta property=\"og:image:height\" content=\"478\" \/>\n\t<meta property=\"og:image:type\" content=\"image\/jpeg\" \/>\n<meta name=\"twitter:card\" content=\"summary_large_image\" \/>\n<meta name=\"twitter:label1\" content=\"Est. reading time\" \/>\n\t<meta name=\"twitter:data1\" content=\"2 minutes\" \/>\n<script type=\"application\/ld+json\" class=\"yoast-schema-graph\">{\"@context\":\"https:\/\/schema.org\",\"@graph\":[{\"@type\":\"WebPage\",\"@id\":\"https:\/\/f-v.dk\/en\/contact-persons\/\",\"url\":\"https:\/\/f-v.dk\/en\/contact-persons\/\",\"name\":\"Contact persons &middot; Finmekanisk V\u00e6rksted ApS\",\"isPartOf\":{\"@id\":\"https:\/\/f-v.dk\/#website\"},\"datePublished\":\"2022-10-29T04:28:37+00:00\",\"dateModified\":\"2024-09-18T11:03:11+00:00\",\"breadcrumb\":{\"@id\":\"https:\/\/f-v.dk\/en\/contact-persons\/#breadcrumb\"},\"inLanguage\":\"en-US\",\"potentialAction\":[{\"@type\":\"ReadAction\",\"target\":[\"https:\/\/f-v.dk\/en\/contact-persons\/\"]}]},{\"@type\":\"BreadcrumbList\",\"@id\":\"https:\/\/f-v.dk\/en\/contact-persons\/#breadcrumb\",\"itemListElement\":[{\"@type\":\"ListItem\",\"position\":1,\"name\":\"Hjem\",\"item\":\"https:\/\/f-v.dk\/en\/\"},{\"@type\":\"ListItem\",\"position\":2,\"name\":\"Contact persons\"}]},{\"@type\":\"WebSite\",\"@id\":\"https:\/\/f-v.dk\/#website\",\"url\":\"https:\/\/f-v.dk\/\",\"name\":\"Finmekanisk V\u00e6rksted ApS\",\"description\":\"CNC, finmekanik, drejning og fr\u00e6sning i S\u00f8nderborg i Syddanmark\",\"publisher\":{\"@id\":\"https:\/\/f-v.dk\/#organization\"},\"potentialAction\":[{\"@type\":\"SearchAction\",\"target\":{\"@type\":\"EntryPoint\",\"urlTemplate\":\"https:\/\/f-v.dk\/?s={search_term_string}\"},\"query-input\":\"required name=search_term_string\"}],\"inLanguage\":\"en-US\"},{\"@type\":\"Organization\",\"@id\":\"https:\/\/f-v.dk\/#organization\",\"name\":\"Finmekanisk V\u00e6rksted ApS\",\"url\":\"https:\/\/f-v.dk\/\",\"logo\":{\"@type\":\"ImageObject\",\"inLanguage\":\"en-US\",\"@id\":\"https:\/\/f-v.dk\/#\/schema\/logo\/image\/\",\"url\":\"https:\/\/f-v.dk\/wp-content\/uploads\/2022\/12\/logo-sort.png\",\"contentUrl\":\"https:\/\/f-v.dk\/wp-content\/uploads\/2022\/12\/logo-sort.png\",\"width\":476,\"height\":95,\"caption\":\"Finmekanisk V\u00e6rksted ApS\"},\"image\":{\"@id\":\"https:\/\/f-v.dk\/#\/schema\/logo\/image\/\"}}]}<\/script>\n<!-- \/ Yoast SEO plugin. -->","yoast_head_json":{"title":"Contact persons &middot; Finmekanisk V\u00e6rksted ApS","robots":{"index":"index","follow":"follow","max-snippet":"max-snippet:-1","max-image-preview":"max-image-preview:large","max-video-preview":"max-video-preview:-1"},"canonical":"https:\/\/f-v.dk\/en\/contact-persons\/","og_locale":"en_US","og_type":"article","og_title":"Contact persons &middot; Finmekanisk V\u00e6rksted ApS","og_description":"Let us handle your next project. Here you can get an insight into what we can help you with in this area.","og_url":"https:\/\/f-v.dk\/en\/contact-persons\/","og_site_name":"Finmekanisk V\u00e6rksted ApS","article_modified_time":"2024-09-18T11:03:11+00:00","og_image":[{"width":1920,"height":478,"url":"https:\/\/f-v.dk\/wp-content\/uploads\/2022\/12\/banner2-26.jpg","type":"image\/jpeg"}],"twitter_card":"summary_large_image","twitter_misc":{"Est. reading time":"2 minutes"},"schema":{"@context":"https:\/\/schema.org","@graph":[{"@type":"WebPage","@id":"https:\/\/f-v.dk\/en\/contact-persons\/","url":"https:\/\/f-v.dk\/en\/contact-persons\/","name":"Contact persons &middot; Finmekanisk V\u00e6rksted ApS","isPartOf":{"@id":"https:\/\/f-v.dk\/#website"},"datePublished":"2022-10-29T04:28:37+00:00","dateModified":"2024-09-18T11:03:11+00:00","breadcrumb":{"@id":"https:\/\/f-v.dk\/en\/contact-persons\/#breadcrumb"},"inLanguage":"en-US","potentialAction":[{"@type":"ReadAction","target":["https:\/\/f-v.dk\/en\/contact-persons\/"]}]},{"@type":"BreadcrumbList","@id":"https:\/\/f-v.dk\/en\/contact-persons\/#breadcrumb","itemListElement":[{"@type":"ListItem","position":1,"name":"Hjem","item":"https:\/\/f-v.dk\/en\/"},{"@type":"ListItem","position":2,"name":"Contact persons"}]},{"@type":"WebSite","@id":"https:\/\/f-v.dk\/#website","url":"https:\/\/f-v.dk\/","name":"Finmekanisk V\u00e6rksted ApS","description":"CNC, finmekanik, drejning og fr\u00e6sning i S\u00f8nderborg i Syddanmark","publisher":{"@id":"https:\/\/f-v.dk\/#organization"},"potentialAction":[{"@type":"SearchAction","target":{"@type":"EntryPoint","urlTemplate":"https:\/\/f-v.dk\/?s={search_term_string}"},"query-input":"required name=search_term_string"}],"inLanguage":"en-US"},{"@type":"Organization","@id":"https:\/\/f-v.dk\/#organization","name":"Finmekanisk V\u00e6rksted ApS","url":"https:\/\/f-v.dk\/","logo":{"@type":"ImageObject","inLanguage":"en-US","@id":"https:\/\/f-v.dk\/#\/schema\/logo\/image\/","url":"https:\/\/f-v.dk\/wp-content\/uploads\/2022\/12\/logo-sort.png","contentUrl":"https:\/\/f-v.dk\/wp-content\/uploads\/2022\/12\/logo-sort.png","width":476,"height":95,"caption":"Finmekanisk V\u00e6rksted ApS"},"image":{"@id":"https:\/\/f-v.dk\/#\/schema\/logo\/image\/"}}]}},"_links":{"self":[{"href":"https:\/\/f-v.dk\/en\/wp-json\/wp\/v2\/pages\/4686"}],"collection":[{"href":"https:\/\/f-v.dk\/en\/wp-json\/wp\/v2\/pages"}],"about":[{"href":"https:\/\/f-v.dk\/en\/wp-json\/wp\/v2\/types\/page"}],"author":[{"embeddable":true,"href":"https:\/\/f-v.dk\/en\/wp-json\/wp\/v2\/users\/1"}],"replies":[{"embeddable":true,"href":"https:\/\/f-v.dk\/en\/wp-json\/wp\/v2\/comments?post=4686"}],"version-history":[{"count":3,"href":"https:\/\/f-v.dk\/en\/wp-json\/wp\/v2\/pages\/4686\/revisions"}],"predecessor-version":[{"id":4710,"href":"https:\/\/f-v.dk\/en\/wp-json\/wp\/v2\/pages\/4686\/revisions\/4710"}],"wp:featuredmedia":[{"embeddable":true,"href":"https:\/\/f-v.dk\/en\/wp-json\/wp\/v2\/media\/4631"}],"wp:attachment":[{"href":"https:\/\/f-v.dk\/en\/wp-json\/wp\/v2\/media?parent=4686"}],"wp:term":[{"taxonomy":"category","embeddable":true,"href":"https:\/\/f-v.dk\/en\/wp-json\/wp\/v2\/categories?post=4686"}],"curies":[{"name":"wp","href":"https:\/\/api.w.org\/{rel}","templated":true}]}}