{"id":4680,"date":"2022-10-29T06:28:37","date_gmt":"2022-10-29T04:28:37","guid":{"rendered":"http:\/\/f-v.dk\/quality\/"},"modified":"2023-01-17T08:41:49","modified_gmt":"2023-01-17T07:41:49","slug":"quality","status":"publish","type":"page","link":"https:\/\/f-v.dk\/en\/quality\/","title":{"rendered":"Quality"},"content":{"rendered":"<section class=\"wpb-content-wrapper\"><p>[vc_row full_width=&#8221;stretch_row&#8221;][vc_column]<div class=\"ult-spacer spacer-69e4b405a9a3b\" data-id=\"69e4b405a9a3b\" data-height=\"90\" data-height-mobile=\"60\" data-height-tab=\"90\" data-height-tab-portrait=\"60\" data-height-mobile-landscape=\"60\" style=\"clear:both;display:block;\"><\/div>[vc_column_text]<\/p>\n<h2>Quality tools<\/h2>\n<p>[\/vc_column_text][vc_empty_space height=&#8221;30px&#8221;][vc_separator color=&#8221;custom&#8221; accent_color=&#8221;rgba(0,0,0,0.1)&#8221;]<div class=\"ult-spacer spacer-69e4b405a9a84\" data-id=\"69e4b405a9a84\" data-height=\"45\" data-height-mobile=\"30\" data-height-tab=\"45\" data-height-tab-portrait=\"30\" data-height-mobile-landscape=\"30\" style=\"clear:both;display:block;\"><\/div>[vc_row_inner][vc_column_inner offset=&#8221;vc_col-lg-8 vc_col-md-8 vc_col-xs-12&#8243;][vc_column_text]<\/p>\n<ul>\n<li>Laser measurement of tools<\/li>\n<li>Federal roughness indicator<\/li>\n<li>Profile projects<\/li>\n<li>Microheit measuring machine<\/li>\n<li>Nikon microscope<\/li>\n<li>Measurement reports as desired<\/li>\n<li>SPC measuring<\/li>\n<li>DeMeet 220 measuring machine<\/li>\n<\/ul>\n<p>[\/vc_column_text]<div class=\"ult-spacer spacer-69e4b405a9aa9\" data-id=\"69e4b405a9aa9\" data-height=\"0\" data-height-mobile=\"30\" data-height-tab=\"0\" data-height-tab-portrait=\"30\" data-height-mobile-landscape=\"30\" style=\"clear:both;display:block;\"><\/div>[\/vc_column_inner][vc_column_inner offset=&#8221;vc_col-lg-4 vc_col-md-4 vc_col-xs-12&#8243;][vc_widget_sidebar sidebar_id=&#8221;sidebar-1&#8243; el_class=&#8221;contact-sidebar&#8221;][\/vc_column_inner][\/vc_row_inner]<div class=\"ult-spacer spacer-69e4b405a9ac8\" data-id=\"69e4b405a9ac8\" data-height=\"90\" data-height-mobile=\"60\" data-height-tab=\"90\" data-height-tab-portrait=\"60\" data-height-mobile-landscape=\"60\" style=\"clear:both;display:block;\"><\/div>[\/vc_column][\/vc_row][vc_row full_width=&#8221;stretch_row&#8221; el_class=&#8221;white parallax overlay&#8221; css=&#8221;.vc_custom_1669985670733{background-image: url(http:\/\/f-v.dk\/wp-content\/uploads\/2022\/12\/20160229-robert-carstensen43759-210-scaled.jpg?id=4490) !important;background-position: center !important;background-repeat: no-repeat !important;background-size: cover !important;}&#8221;][vc_column]<div class=\"ult-spacer spacer-69e4b405a9ae6\" data-id=\"69e4b405a9ae6\" data-height=\"135\" data-height-mobile=\"90\" data-height-tab=\"135\" data-height-tab-portrait=\"90\" data-height-mobile-landscape=\"90\" style=\"clear:both;display:block;\"><\/div>[vc_row_inner][vc_column_inner offset=&#8221;vc_col-lg-2 vc_col-md-2 vc_col-xs-12&#8243;][\/vc_column_inner][vc_column_inner offset=&#8221;vc_col-lg-8 vc_col-md-8 vc_col-xs-12&#8243;][vc_column_text]<\/p>\n<h3 style=\"text-align: center;\">Contact us and let&#8217;s have a no-obligation chat<\/h3>\n<p style=\"text-align: center;\">We are ready to answer any questions you may have that you cannot find answered here on the website. So don&#8217;t hesitate to call or write to us. We will be happy to have a completely non-binding chat with you about your plans.<\/p>\n<p style=\"text-align: center;\"><a href=\"\/en\/contact\">Contact us today<\/a><\/p>\n<p>[\/vc_column_text][\/vc_column_inner][vc_column_inner offset=&#8221;vc_col-lg-2 vc_col-md-2 vc_col-xs-12&#8243;][\/vc_column_inner][\/vc_row_inner]<div class=\"ult-spacer spacer-69e4b405a9b01\" data-id=\"69e4b405a9b01\" data-height=\"135\" data-height-mobile=\"90\" data-height-tab=\"135\" data-height-tab-portrait=\"90\" data-height-mobile-landscape=\"90\" style=\"clear:both;display:block;\"><\/div>[\/vc_column][\/vc_row]<\/p>\n<\/section>","protected":false},"excerpt":{"rendered":"<p>Let us handle your next project. Here you can get an insight into what we can help you with in this area.<\/p>\n","protected":false},"author":1,"featured_media":0,"parent":0,"menu_order":4,"comment_status":"closed","ping_status":"closed","template":"","meta":{"footnotes":""},"categories":[25],"acf":[],"yoast_head":"<!-- This site is optimized with the Yoast SEO plugin v19.11 - https:\/\/yoast.com\/wordpress\/plugins\/seo\/ -->\n<title>Quality &middot; Finmekanisk V\u00e6rksted ApS<\/title>\n<meta name=\"robots\" content=\"index, follow, max-snippet:-1, max-image-preview:large, max-video-preview:-1\" \/>\n<link rel=\"canonical\" href=\"https:\/\/f-v.dk\/en\/quality\/\" \/>\n<meta property=\"og:locale\" content=\"en_US\" \/>\n<meta property=\"og:type\" content=\"article\" \/>\n<meta property=\"og:title\" content=\"Quality &middot; Finmekanisk V\u00e6rksted ApS\" \/>\n<meta property=\"og:description\" content=\"Let us handle your next project. Here you can get an insight into what we can help you with in this area.\" \/>\n<meta property=\"og:url\" content=\"https:\/\/f-v.dk\/en\/quality\/\" \/>\n<meta property=\"og:site_name\" content=\"Finmekanisk V\u00e6rksted ApS\" \/>\n<meta property=\"article:modified_time\" content=\"2023-01-17T07:41:49+00:00\" \/>\n<meta name=\"twitter:card\" content=\"summary_large_image\" \/>\n<meta name=\"twitter:label1\" content=\"Est. reading time\" \/>\n\t<meta name=\"twitter:data1\" content=\"2 minutes\" \/>\n<script type=\"application\/ld+json\" class=\"yoast-schema-graph\">{\"@context\":\"https:\/\/schema.org\",\"@graph\":[{\"@type\":\"WebPage\",\"@id\":\"https:\/\/f-v.dk\/en\/quality\/\",\"url\":\"https:\/\/f-v.dk\/en\/quality\/\",\"name\":\"Quality &middot; Finmekanisk V\u00e6rksted ApS\",\"isPartOf\":{\"@id\":\"https:\/\/f-v.dk\/#website\"},\"datePublished\":\"2022-10-29T04:28:37+00:00\",\"dateModified\":\"2023-01-17T07:41:49+00:00\",\"breadcrumb\":{\"@id\":\"https:\/\/f-v.dk\/en\/quality\/#breadcrumb\"},\"inLanguage\":\"en-US\",\"potentialAction\":[{\"@type\":\"ReadAction\",\"target\":[\"https:\/\/f-v.dk\/en\/quality\/\"]}]},{\"@type\":\"BreadcrumbList\",\"@id\":\"https:\/\/f-v.dk\/en\/quality\/#breadcrumb\",\"itemListElement\":[{\"@type\":\"ListItem\",\"position\":1,\"name\":\"Hjem\",\"item\":\"https:\/\/f-v.dk\/en\/\"},{\"@type\":\"ListItem\",\"position\":2,\"name\":\"Quality\"}]},{\"@type\":\"WebSite\",\"@id\":\"https:\/\/f-v.dk\/#website\",\"url\":\"https:\/\/f-v.dk\/\",\"name\":\"Finmekanisk V\u00e6rksted ApS\",\"description\":\"CNC, finmekanik, drejning og fr\u00e6sning i S\u00f8nderborg i Syddanmark\",\"publisher\":{\"@id\":\"https:\/\/f-v.dk\/#organization\"},\"potentialAction\":[{\"@type\":\"SearchAction\",\"target\":{\"@type\":\"EntryPoint\",\"urlTemplate\":\"https:\/\/f-v.dk\/?s={search_term_string}\"},\"query-input\":\"required name=search_term_string\"}],\"inLanguage\":\"en-US\"},{\"@type\":\"Organization\",\"@id\":\"https:\/\/f-v.dk\/#organization\",\"name\":\"Finmekanisk V\u00e6rksted ApS\",\"url\":\"https:\/\/f-v.dk\/\",\"logo\":{\"@type\":\"ImageObject\",\"inLanguage\":\"en-US\",\"@id\":\"https:\/\/f-v.dk\/#\/schema\/logo\/image\/\",\"url\":\"https:\/\/f-v.dk\/wp-content\/uploads\/2022\/12\/logo-sort.png\",\"contentUrl\":\"https:\/\/f-v.dk\/wp-content\/uploads\/2022\/12\/logo-sort.png\",\"width\":476,\"height\":95,\"caption\":\"Finmekanisk V\u00e6rksted ApS\"},\"image\":{\"@id\":\"https:\/\/f-v.dk\/#\/schema\/logo\/image\/\"}}]}<\/script>\n<!-- \/ Yoast SEO plugin. -->","yoast_head_json":{"title":"Quality &middot; Finmekanisk V\u00e6rksted ApS","robots":{"index":"index","follow":"follow","max-snippet":"max-snippet:-1","max-image-preview":"max-image-preview:large","max-video-preview":"max-video-preview:-1"},"canonical":"https:\/\/f-v.dk\/en\/quality\/","og_locale":"en_US","og_type":"article","og_title":"Quality &middot; Finmekanisk V\u00e6rksted ApS","og_description":"Let us handle your next project. Here you can get an insight into what we can help you with in this area.","og_url":"https:\/\/f-v.dk\/en\/quality\/","og_site_name":"Finmekanisk V\u00e6rksted ApS","article_modified_time":"2023-01-17T07:41:49+00:00","twitter_card":"summary_large_image","twitter_misc":{"Est. reading time":"2 minutes"},"schema":{"@context":"https:\/\/schema.org","@graph":[{"@type":"WebPage","@id":"https:\/\/f-v.dk\/en\/quality\/","url":"https:\/\/f-v.dk\/en\/quality\/","name":"Quality &middot; Finmekanisk V\u00e6rksted ApS","isPartOf":{"@id":"https:\/\/f-v.dk\/#website"},"datePublished":"2022-10-29T04:28:37+00:00","dateModified":"2023-01-17T07:41:49+00:00","breadcrumb":{"@id":"https:\/\/f-v.dk\/en\/quality\/#breadcrumb"},"inLanguage":"en-US","potentialAction":[{"@type":"ReadAction","target":["https:\/\/f-v.dk\/en\/quality\/"]}]},{"@type":"BreadcrumbList","@id":"https:\/\/f-v.dk\/en\/quality\/#breadcrumb","itemListElement":[{"@type":"ListItem","position":1,"name":"Hjem","item":"https:\/\/f-v.dk\/en\/"},{"@type":"ListItem","position":2,"name":"Quality"}]},{"@type":"WebSite","@id":"https:\/\/f-v.dk\/#website","url":"https:\/\/f-v.dk\/","name":"Finmekanisk V\u00e6rksted ApS","description":"CNC, finmekanik, drejning og fr\u00e6sning i S\u00f8nderborg i Syddanmark","publisher":{"@id":"https:\/\/f-v.dk\/#organization"},"potentialAction":[{"@type":"SearchAction","target":{"@type":"EntryPoint","urlTemplate":"https:\/\/f-v.dk\/?s={search_term_string}"},"query-input":"required name=search_term_string"}],"inLanguage":"en-US"},{"@type":"Organization","@id":"https:\/\/f-v.dk\/#organization","name":"Finmekanisk V\u00e6rksted ApS","url":"https:\/\/f-v.dk\/","logo":{"@type":"ImageObject","inLanguage":"en-US","@id":"https:\/\/f-v.dk\/#\/schema\/logo\/image\/","url":"https:\/\/f-v.dk\/wp-content\/uploads\/2022\/12\/logo-sort.png","contentUrl":"https:\/\/f-v.dk\/wp-content\/uploads\/2022\/12\/logo-sort.png","width":476,"height":95,"caption":"Finmekanisk V\u00e6rksted ApS"},"image":{"@id":"https:\/\/f-v.dk\/#\/schema\/logo\/image\/"}}]}},"_links":{"self":[{"href":"https:\/\/f-v.dk\/en\/wp-json\/wp\/v2\/pages\/4680"}],"collection":[{"href":"https:\/\/f-v.dk\/en\/wp-json\/wp\/v2\/pages"}],"about":[{"href":"https:\/\/f-v.dk\/en\/wp-json\/wp\/v2\/types\/page"}],"author":[{"embeddable":true,"href":"https:\/\/f-v.dk\/en\/wp-json\/wp\/v2\/users\/1"}],"replies":[{"embeddable":true,"href":"https:\/\/f-v.dk\/en\/wp-json\/wp\/v2\/comments?post=4680"}],"version-history":[{"count":2,"href":"https:\/\/f-v.dk\/en\/wp-json\/wp\/v2\/pages\/4680\/revisions"}],"predecessor-version":[{"id":4682,"href":"https:\/\/f-v.dk\/en\/wp-json\/wp\/v2\/pages\/4680\/revisions\/4682"}],"wp:attachment":[{"href":"https:\/\/f-v.dk\/en\/wp-json\/wp\/v2\/media?parent=4680"}],"wp:term":[{"taxonomy":"category","embeddable":true,"href":"https:\/\/f-v.dk\/en\/wp-json\/wp\/v2\/categories?post=4680"}],"curies":[{"name":"wp","href":"https:\/\/api.w.org\/{rel}","templated":true}]}}