{"id":4673,"date":"2022-10-29T06:28:37","date_gmt":"2022-10-29T04:28:37","guid":{"rendered":"http:\/\/f-v.dk\/milling\/"},"modified":"2023-01-17T09:14:35","modified_gmt":"2023-01-17T08:14:35","slug":"milling","status":"publish","type":"page","link":"https:\/\/f-v.dk\/en\/milling\/","title":{"rendered":"Milling"},"content":{"rendered":"<section class=\"wpb-content-wrapper\"><p>[vc_row full_width=&#8221;stretch_row&#8221;][vc_column]<div class=\"ult-spacer spacer-69f2f4138c558\" data-id=\"69f2f4138c558\" data-height=\"90\" data-height-mobile=\"60\" data-height-tab=\"90\" data-height-tab-portrait=\"60\" data-height-mobile-landscape=\"60\" style=\"clear:both;display:block;\"><\/div>[vc_column_text]<\/p>\n<h2>CNC milling of various materials<\/h2>\n<p>[\/vc_column_text][vc_empty_space height=&#8221;30px&#8221;][vc_separator color=&#8221;custom&#8221; accent_color=&#8221;rgba(0,0,0,0.1)&#8221;]<div class=\"ult-spacer spacer-69f2f4138c59e\" data-id=\"69f2f4138c59e\" data-height=\"45\" data-height-mobile=\"30\" data-height-tab=\"45\" data-height-tab-portrait=\"30\" data-height-mobile-landscape=\"30\" style=\"clear:both;display:block;\"><\/div>[vc_row_inner][vc_column_inner offset=&#8221;vc_col-lg-8 vc_col-md-8 vc_col-xs-12&#8243;][vc_column_text]At Precision Mechanics, we offer CNC milling to South Jutland businesses that need machining work on a variety of metals and plastics.<\/p>\n<p>Over the years we have provided a great many businesses with high-quality CNC milling.<\/p>\n<p>When it comes to the machining of metals and plastics, it is essential to the quality of the end product that the work is performed correctly and precisely.<\/p>\n<p>We have exactly the right machines and tools needed to perform high-precision CNC milling.<\/p>\n<p>We have qualified specialists who operate our machines, and who take pride in delivering a perfect result that our customers are happy with.<\/p>\n<h3>Order CNC milling from us<\/h3>\n<p>There are many advantages to CNC milling. Precision is extremely high despite countless repetitions, and if you are creating a new product, it also enables the construction of special prototypes.<\/p>\n<p>A CNC milling machine can be adjusted to perform very specific tasks, making it a good tool for processing all types of metals.<\/p>\n<p>CNC milling features include:<\/p>\n<ul>\n<li>High-speed machining<\/li>\n<li>5 axis machining (3D)<\/li>\n<li>Specialists in the machining of stainless steel, engineering plastics and aluminum<\/li>\n<li>Fast setup time due to new technology<\/li>\n<li>Well suited to prototypes<\/li>\n<li>Well suited to very large batches<\/li>\n<li>High-precision milling<\/li>\n<li>Milling with changeable pallets<\/li>\n<li>Interior cooling and high pressure on tools\u200b<\/li>\n<\/ul>\n<h3>Qualified advice on solutions and products<\/h3>\n<p>If you need to manufacture large amounts of anything, or to perhaps create a prototype, CNC milling is the perfect method. We are at your disposal with advice to help you with such things as design as well as with choosing the type of metal or plastic to use in production. It\u2019s our job to help you achieve the best solution and the most perfect result.<\/p>\n<p>Contact us with your questions to receive qualified, down-to-earth advice as well as an attractive bid on your order. Call us at <a href=\"tel:20201605\">+ 45 20 20 16 05<\/a> or email us at <a href=\"mailto:info@f-v.dk\">info@f-v.dk<\/a>.[\/vc_column_text]<div class=\"ult-spacer spacer-69f2f4138c5c1\" data-id=\"69f2f4138c5c1\" data-height=\"0\" data-height-mobile=\"30\" data-height-tab=\"0\" data-height-tab-portrait=\"30\" data-height-mobile-landscape=\"30\" style=\"clear:both;display:block;\"><\/div>[\/vc_column_inner][vc_column_inner offset=&#8221;vc_col-lg-4 vc_col-md-4 vc_col-xs-12&#8243;][vc_widget_sidebar sidebar_id=&#8221;sidebar-1&#8243; el_class=&#8221;contact-sidebar&#8221;][\/vc_column_inner][\/vc_row_inner]<div class=\"ult-spacer spacer-69f2f4138c5e1\" data-id=\"69f2f4138c5e1\" data-height=\"60\" data-height-mobile=\"30\" data-height-tab=\"60\" data-height-tab-portrait=\"30\" data-height-mobile-landscape=\"30\" style=\"clear:both;display:block;\"><\/div>[vc_media_grid element_width=&#8221;3&#8243; gap=&#8221;20&#8243; grid_id=&#8221;vc_gid:1669985810558-b2f1bfa3-153b-0&#8243; include=&#8221;4605,4607,4609,4611,4613,4615,4617,4618,4619,4620,4621,4622,4623,4624,4625,4626,4627,4628&#8243;]<div class=\"ult-spacer spacer-69f2f4138c5fe\" data-id=\"69f2f4138c5fe\" data-height=\"90\" data-height-mobile=\"60\" data-height-tab=\"90\" data-height-tab-portrait=\"60\" data-height-mobile-landscape=\"60\" style=\"clear:both;display:block;\"><\/div>[\/vc_column][\/vc_row][vc_row full_width=&#8221;stretch_row&#8221; el_class=&#8221;white parallax overlay&#8221; css=&#8221;.vc_custom_1669985670733{background-image: url(http:\/\/f-v.dk\/wp-content\/uploads\/2022\/12\/20160229-robert-carstensen43759-210-scaled.jpg?id=4490) !important;background-position: center !important;background-repeat: no-repeat !important;background-size: cover !important;}&#8221;][vc_column]<div class=\"ult-spacer spacer-69f2f4138c61a\" data-id=\"69f2f4138c61a\" data-height=\"135\" data-height-mobile=\"90\" data-height-tab=\"135\" data-height-tab-portrait=\"90\" data-height-mobile-landscape=\"90\" style=\"clear:both;display:block;\"><\/div>[vc_row_inner][vc_column_inner offset=&#8221;vc_col-lg-2 vc_col-md-2 vc_col-xs-12&#8243;][\/vc_column_inner][vc_column_inner offset=&#8221;vc_col-lg-8 vc_col-md-8 vc_col-xs-12&#8243;][vc_column_text]<\/p>\n<h3 style=\"text-align: center;\">Contact us and let&#8217;s have a no-obligation chat<\/h3>\n<p style=\"text-align: center;\">We are ready to answer any questions you may have that you cannot find answered here on the website. So don&#8217;t hesitate to call or write to us. We will be happy to have a completely non-binding chat with you about your plans.<\/p>\n<p style=\"text-align: center;\"><a href=\"\/en\/contact\/\">Contact us today<\/a><\/p>\n<p>[\/vc_column_text][\/vc_column_inner][vc_column_inner offset=&#8221;vc_col-lg-2 vc_col-md-2 vc_col-xs-12&#8243;][\/vc_column_inner][\/vc_row_inner]<div class=\"ult-spacer spacer-69f2f4138c634\" data-id=\"69f2f4138c634\" data-height=\"135\" data-height-mobile=\"90\" data-height-tab=\"135\" data-height-tab-portrait=\"90\" data-height-mobile-landscape=\"90\" style=\"clear:both;display:block;\"><\/div>[\/vc_column][\/vc_row]<\/p>\n<\/section>","protected":false},"excerpt":{"rendered":"<p>Milling in high quality.<\/p>\n","protected":false},"author":1,"featured_media":4615,"parent":0,"menu_order":2,"comment_status":"closed","ping_status":"closed","template":"","meta":{"footnotes":""},"categories":[25],"acf":[],"yoast_head":"<!-- This site is optimized with the Yoast SEO plugin v19.11 - https:\/\/yoast.com\/wordpress\/plugins\/seo\/ -->\n<title>Milling &middot; Finmekanisk V\u00e6rksted ApS<\/title>\n<meta name=\"robots\" content=\"index, follow, max-snippet:-1, max-image-preview:large, max-video-preview:-1\" \/>\n<link rel=\"canonical\" href=\"https:\/\/f-v.dk\/en\/milling\/\" \/>\n<meta property=\"og:locale\" content=\"en_US\" \/>\n<meta property=\"og:type\" content=\"article\" \/>\n<meta property=\"og:title\" content=\"Milling &middot; Finmekanisk V\u00e6rksted ApS\" \/>\n<meta property=\"og:description\" content=\"Milling in high quality.\" \/>\n<meta property=\"og:url\" content=\"https:\/\/f-v.dk\/en\/milling\/\" \/>\n<meta property=\"og:site_name\" content=\"Finmekanisk V\u00e6rksted ApS\" \/>\n<meta property=\"article:modified_time\" content=\"2023-01-17T08:14:35+00:00\" \/>\n<meta property=\"og:image\" content=\"https:\/\/f-v.dk\/wp-content\/uploads\/2022\/12\/6-59.jpg\" \/>\n\t<meta property=\"og:image:width\" content=\"962\" \/>\n\t<meta property=\"og:image:height\" content=\"641\" \/>\n\t<meta property=\"og:image:type\" content=\"image\/jpeg\" \/>\n<meta name=\"twitter:card\" content=\"summary_large_image\" \/>\n<meta name=\"twitter:label1\" content=\"Est. reading time\" \/>\n\t<meta name=\"twitter:data1\" content=\"2 minutes\" \/>\n<script type=\"application\/ld+json\" class=\"yoast-schema-graph\">{\"@context\":\"https:\/\/schema.org\",\"@graph\":[{\"@type\":\"WebPage\",\"@id\":\"https:\/\/f-v.dk\/en\/milling\/\",\"url\":\"https:\/\/f-v.dk\/en\/milling\/\",\"name\":\"Milling &middot; Finmekanisk V\u00e6rksted ApS\",\"isPartOf\":{\"@id\":\"https:\/\/f-v.dk\/#website\"},\"datePublished\":\"2022-10-29T04:28:37+00:00\",\"dateModified\":\"2023-01-17T08:14:35+00:00\",\"breadcrumb\":{\"@id\":\"https:\/\/f-v.dk\/en\/milling\/#breadcrumb\"},\"inLanguage\":\"en-US\",\"potentialAction\":[{\"@type\":\"ReadAction\",\"target\":[\"https:\/\/f-v.dk\/en\/milling\/\"]}]},{\"@type\":\"BreadcrumbList\",\"@id\":\"https:\/\/f-v.dk\/en\/milling\/#breadcrumb\",\"itemListElement\":[{\"@type\":\"ListItem\",\"position\":1,\"name\":\"Hjem\",\"item\":\"https:\/\/f-v.dk\/en\/\"},{\"@type\":\"ListItem\",\"position\":2,\"name\":\"Milling\"}]},{\"@type\":\"WebSite\",\"@id\":\"https:\/\/f-v.dk\/#website\",\"url\":\"https:\/\/f-v.dk\/\",\"name\":\"Finmekanisk V\u00e6rksted ApS\",\"description\":\"CNC, finmekanik, drejning og fr\u00e6sning i S\u00f8nderborg i Syddanmark\",\"publisher\":{\"@id\":\"https:\/\/f-v.dk\/#organization\"},\"potentialAction\":[{\"@type\":\"SearchAction\",\"target\":{\"@type\":\"EntryPoint\",\"urlTemplate\":\"https:\/\/f-v.dk\/?s={search_term_string}\"},\"query-input\":\"required name=search_term_string\"}],\"inLanguage\":\"en-US\"},{\"@type\":\"Organization\",\"@id\":\"https:\/\/f-v.dk\/#organization\",\"name\":\"Finmekanisk V\u00e6rksted ApS\",\"url\":\"https:\/\/f-v.dk\/\",\"logo\":{\"@type\":\"ImageObject\",\"inLanguage\":\"en-US\",\"@id\":\"https:\/\/f-v.dk\/#\/schema\/logo\/image\/\",\"url\":\"https:\/\/f-v.dk\/wp-content\/uploads\/2022\/12\/logo-sort.png\",\"contentUrl\":\"https:\/\/f-v.dk\/wp-content\/uploads\/2022\/12\/logo-sort.png\",\"width\":476,\"height\":95,\"caption\":\"Finmekanisk V\u00e6rksted ApS\"},\"image\":{\"@id\":\"https:\/\/f-v.dk\/#\/schema\/logo\/image\/\"}}]}<\/script>\n<!-- \/ Yoast SEO plugin. -->","yoast_head_json":{"title":"Milling &middot; Finmekanisk V\u00e6rksted ApS","robots":{"index":"index","follow":"follow","max-snippet":"max-snippet:-1","max-image-preview":"max-image-preview:large","max-video-preview":"max-video-preview:-1"},"canonical":"https:\/\/f-v.dk\/en\/milling\/","og_locale":"en_US","og_type":"article","og_title":"Milling &middot; Finmekanisk V\u00e6rksted ApS","og_description":"Milling in high quality.","og_url":"https:\/\/f-v.dk\/en\/milling\/","og_site_name":"Finmekanisk V\u00e6rksted ApS","article_modified_time":"2023-01-17T08:14:35+00:00","og_image":[{"width":962,"height":641,"url":"https:\/\/f-v.dk\/wp-content\/uploads\/2022\/12\/6-59.jpg","type":"image\/jpeg"}],"twitter_card":"summary_large_image","twitter_misc":{"Est. reading time":"2 minutes"},"schema":{"@context":"https:\/\/schema.org","@graph":[{"@type":"WebPage","@id":"https:\/\/f-v.dk\/en\/milling\/","url":"https:\/\/f-v.dk\/en\/milling\/","name":"Milling &middot; Finmekanisk V\u00e6rksted ApS","isPartOf":{"@id":"https:\/\/f-v.dk\/#website"},"datePublished":"2022-10-29T04:28:37+00:00","dateModified":"2023-01-17T08:14:35+00:00","breadcrumb":{"@id":"https:\/\/f-v.dk\/en\/milling\/#breadcrumb"},"inLanguage":"en-US","potentialAction":[{"@type":"ReadAction","target":["https:\/\/f-v.dk\/en\/milling\/"]}]},{"@type":"BreadcrumbList","@id":"https:\/\/f-v.dk\/en\/milling\/#breadcrumb","itemListElement":[{"@type":"ListItem","position":1,"name":"Hjem","item":"https:\/\/f-v.dk\/en\/"},{"@type":"ListItem","position":2,"name":"Milling"}]},{"@type":"WebSite","@id":"https:\/\/f-v.dk\/#website","url":"https:\/\/f-v.dk\/","name":"Finmekanisk V\u00e6rksted ApS","description":"CNC, finmekanik, drejning og fr\u00e6sning i S\u00f8nderborg i Syddanmark","publisher":{"@id":"https:\/\/f-v.dk\/#organization"},"potentialAction":[{"@type":"SearchAction","target":{"@type":"EntryPoint","urlTemplate":"https:\/\/f-v.dk\/?s={search_term_string}"},"query-input":"required name=search_term_string"}],"inLanguage":"en-US"},{"@type":"Organization","@id":"https:\/\/f-v.dk\/#organization","name":"Finmekanisk V\u00e6rksted ApS","url":"https:\/\/f-v.dk\/","logo":{"@type":"ImageObject","inLanguage":"en-US","@id":"https:\/\/f-v.dk\/#\/schema\/logo\/image\/","url":"https:\/\/f-v.dk\/wp-content\/uploads\/2022\/12\/logo-sort.png","contentUrl":"https:\/\/f-v.dk\/wp-content\/uploads\/2022\/12\/logo-sort.png","width":476,"height":95,"caption":"Finmekanisk V\u00e6rksted ApS"},"image":{"@id":"https:\/\/f-v.dk\/#\/schema\/logo\/image\/"}}]}},"_links":{"self":[{"href":"https:\/\/f-v.dk\/en\/wp-json\/wp\/v2\/pages\/4673"}],"collection":[{"href":"https:\/\/f-v.dk\/en\/wp-json\/wp\/v2\/pages"}],"about":[{"href":"https:\/\/f-v.dk\/en\/wp-json\/wp\/v2\/types\/page"}],"author":[{"embeddable":true,"href":"https:\/\/f-v.dk\/en\/wp-json\/wp\/v2\/users\/1"}],"replies":[{"embeddable":true,"href":"https:\/\/f-v.dk\/en\/wp-json\/wp\/v2\/comments?post=4673"}],"version-history":[{"count":3,"href":"https:\/\/f-v.dk\/en\/wp-json\/wp\/v2\/pages\/4673\/revisions"}],"predecessor-version":[{"id":4676,"href":"https:\/\/f-v.dk\/en\/wp-json\/wp\/v2\/pages\/4673\/revisions\/4676"}],"wp:featuredmedia":[{"embeddable":true,"href":"https:\/\/f-v.dk\/en\/wp-json\/wp\/v2\/media\/4615"}],"wp:attachment":[{"href":"https:\/\/f-v.dk\/en\/wp-json\/wp\/v2\/media?parent=4673"}],"wp:term":[{"taxonomy":"category","embeddable":true,"href":"https:\/\/f-v.dk\/en\/wp-json\/wp\/v2\/categories?post=4673"}],"curies":[{"name":"wp","href":"https:\/\/api.w.org\/{rel}","templated":true}]}}