{"id":4669,"date":"2022-10-29T06:28:36","date_gmt":"2022-10-29T04:28:36","guid":{"rendered":"http:\/\/f-v.dk\/turning\/"},"modified":"2023-01-17T09:14:52","modified_gmt":"2023-01-17T08:14:52","slug":"turning","status":"publish","type":"page","link":"https:\/\/f-v.dk\/en\/turning\/","title":{"rendered":"Turning"},"content":{"rendered":"<section class=\"wpb-content-wrapper\"><p>[vc_row full_width=&#8221;stretch_row&#8221;][vc_column]<div class=\"ult-spacer spacer-69f57bbc0911b\" data-id=\"69f57bbc0911b\" data-height=\"90\" data-height-mobile=\"60\" data-height-tab=\"90\" data-height-tab-portrait=\"60\" data-height-mobile-landscape=\"60\" style=\"clear:both;display:block;\"><\/div>[vc_column_text]<\/p>\n<h2>CNC turning of complex units<\/h2>\n<p>[\/vc_column_text][vc_empty_space height=&#8221;30px&#8221;][vc_separator color=&#8221;custom&#8221; accent_color=&#8221;rgba(0,0,0,0.1)&#8221;]<div class=\"ult-spacer spacer-69f57bbc09167\" data-id=\"69f57bbc09167\" data-height=\"45\" data-height-mobile=\"30\" data-height-tab=\"45\" data-height-tab-portrait=\"30\" data-height-mobile-landscape=\"30\" style=\"clear:both;display:block;\"><\/div>[vc_row_inner][vc_column_inner offset=&#8221;vc_col-lg-8 vc_col-md-8 vc_col-xs-12&#8243;][vc_column_text]If you need a qualified CNC turning professional in northern Jutland, we at Precision Mechanics are experts with many years of experience. CNC turning makes it possible to produce complex units that can be round, engraved or fitted with holes. We offer a large variety of high-quality services because we have a great many special-purpose machines. If you would like our help in creating CNC-turned units for your business, you are welcome to contact us for an attractive offer.<\/p>\n<h3>Meticulous and precise CNC turning<\/h3>\n<p>When it comes to accurate, precise turning, we are among the most experienced experts, with 40 years in the business. So we know how to go about creating the most impressive end product. The services we offer include:<\/p>\n<ul>\n<li>Automated turning<\/li>\n<li>Long turning\/Swiss turn<\/li>\n<li>Large series production<\/li>\n<li>Small series production<\/li>\n<li>C + Y axis machining<\/li>\n<li>Vertical and horizontal machining<\/li>\n<li>Production of prototypes\u200b<br \/>\n\u200b<\/li>\n<\/ul>\n<p>Well-executed CNC turning enables us to turn complex workpieces, carry out high-pressure drilling of very small holes, perform hexagonal turning of key surfaces and much more.<\/p>\n<h3>We focus on your needs<\/h3>\n<p>We offer qualified assistance and guidance in our field of expertise. Regardless of whether you need help to create a prototype or to bring a product into mass production, we\u2019re ready for the task. We have machines to perform high-quality CNC turning and ensure a great-looking product that is exactly as you envisioned it.<\/p>\n<p>Meet with us at no obligation for a discussion of your assignment and how we best can help you. In our view, good communication is the best road to a great result. Call us for more information at <a href=\"tel:20201605\">+45 20 20 16 05<\/a> or email us at <a href=\"mailto:info@f-v.dk\">info@f-v.dk<\/a>[\/vc_column_text]<div class=\"ult-spacer spacer-69f57bbc0918b\" data-id=\"69f57bbc0918b\" data-height=\"0\" data-height-mobile=\"30\" data-height-tab=\"0\" data-height-tab-portrait=\"30\" data-height-mobile-landscape=\"30\" style=\"clear:both;display:block;\"><\/div>[\/vc_column_inner][vc_column_inner offset=&#8221;vc_col-lg-4 vc_col-md-4 vc_col-xs-12&#8243;][vc_widget_sidebar sidebar_id=&#8221;sidebar-1&#8243; el_class=&#8221;contact-sidebar&#8221;][\/vc_column_inner][\/vc_row_inner]<div class=\"ult-spacer spacer-69f57bbc091ab\" data-id=\"69f57bbc091ab\" data-height=\"60\" data-height-mobile=\"30\" data-height-tab=\"60\" data-height-tab-portrait=\"30\" data-height-mobile-landscape=\"30\" style=\"clear:both;display:block;\"><\/div>[vc_media_grid element_width=&#8221;3&#8243; gap=&#8221;20&#8243; grid_id=&#8221;vc_gid:1669986046970-4a90bc87-366b-7&#8243; include=&#8221;4606,4608,4610,4612,4614,4616&#8243;]<div class=\"ult-spacer spacer-69f57bbc091c9\" data-id=\"69f57bbc091c9\" data-height=\"90\" data-height-mobile=\"60\" data-height-tab=\"90\" data-height-tab-portrait=\"60\" data-height-mobile-landscape=\"60\" style=\"clear:both;display:block;\"><\/div>[\/vc_column][\/vc_row][vc_row full_width=&#8221;stretch_row&#8221; el_class=&#8221;white parallax overlay&#8221; css=&#8221;.vc_custom_1669985670733{background-image: url(http:\/\/f-v.dk\/wp-content\/uploads\/2022\/12\/20160229-robert-carstensen43759-210-scaled.jpg?id=4490) !important;background-position: center !important;background-repeat: no-repeat !important;background-size: cover !important;}&#8221;][vc_column]<div class=\"ult-spacer spacer-69f57bbc091e5\" data-id=\"69f57bbc091e5\" data-height=\"135\" data-height-mobile=\"90\" data-height-tab=\"135\" data-height-tab-portrait=\"90\" data-height-mobile-landscape=\"90\" style=\"clear:both;display:block;\"><\/div>[vc_row_inner][vc_column_inner offset=&#8221;vc_col-lg-2 vc_col-md-2 vc_col-xs-12&#8243;][\/vc_column_inner][vc_column_inner offset=&#8221;vc_col-lg-8 vc_col-md-8 vc_col-xs-12&#8243;][vc_column_text]<\/p>\n<h3 style=\"text-align: center;\">Contact us and let&#8217;s have a no-obligation chat<\/h3>\n<p style=\"text-align: center;\">We are ready to answer any questions you may have that you cannot find answered here on the website. So don&#8217;t hesitate to call or write to us. We will be happy to have a completely non-binding chat with you about your plans.<\/p>\n<p style=\"text-align: center;\"><a href=\"\/en\/contact\/\">Contact us today<\/a><\/p>\n<p>[\/vc_column_text][\/vc_column_inner][vc_column_inner offset=&#8221;vc_col-lg-2 vc_col-md-2 vc_col-xs-12&#8243;][\/vc_column_inner][\/vc_row_inner]<div class=\"ult-spacer spacer-69f57bbc091ff\" data-id=\"69f57bbc091ff\" data-height=\"135\" data-height-mobile=\"90\" data-height-tab=\"135\" data-height-tab-portrait=\"90\" data-height-mobile-landscape=\"90\" style=\"clear:both;display:block;\"><\/div>[\/vc_column][\/vc_row]<\/p>\n<\/section>","protected":false},"excerpt":{"rendered":"<p>We offer professional turning.<\/p>\n","protected":false},"author":1,"featured_media":4608,"parent":0,"menu_order":1,"comment_status":"closed","ping_status":"closed","template":"","meta":{"footnotes":""},"categories":[25],"acf":[],"yoast_head":"<!-- This site is optimized with the Yoast SEO plugin v19.11 - https:\/\/yoast.com\/wordpress\/plugins\/seo\/ -->\n<title>Turning &middot; Finmekanisk V\u00e6rksted ApS<\/title>\n<meta name=\"robots\" content=\"index, follow, max-snippet:-1, max-image-preview:large, max-video-preview:-1\" \/>\n<link rel=\"canonical\" href=\"https:\/\/f-v.dk\/en\/turning\/\" \/>\n<meta property=\"og:locale\" content=\"en_US\" \/>\n<meta property=\"og:type\" content=\"article\" \/>\n<meta property=\"og:title\" content=\"Turning &middot; Finmekanisk V\u00e6rksted ApS\" \/>\n<meta property=\"og:description\" content=\"We offer professional turning.\" \/>\n<meta property=\"og:url\" content=\"https:\/\/f-v.dk\/en\/turning\/\" \/>\n<meta property=\"og:site_name\" content=\"Finmekanisk V\u00e6rksted ApS\" \/>\n<meta property=\"article:modified_time\" content=\"2023-01-17T08:14:52+00:00\" \/>\n<meta property=\"og:image\" content=\"https:\/\/f-v.dk\/wp-content\/uploads\/2022\/12\/2-120.jpg\" \/>\n\t<meta property=\"og:image:width\" content=\"962\" \/>\n\t<meta property=\"og:image:height\" content=\"641\" \/>\n\t<meta property=\"og:image:type\" content=\"image\/jpeg\" \/>\n<meta name=\"twitter:card\" content=\"summary_large_image\" \/>\n<meta name=\"twitter:label1\" content=\"Est. reading time\" \/>\n\t<meta name=\"twitter:data1\" content=\"2 minutes\" \/>\n<script type=\"application\/ld+json\" class=\"yoast-schema-graph\">{\"@context\":\"https:\/\/schema.org\",\"@graph\":[{\"@type\":\"WebPage\",\"@id\":\"https:\/\/f-v.dk\/en\/turning\/\",\"url\":\"https:\/\/f-v.dk\/en\/turning\/\",\"name\":\"Turning &middot; Finmekanisk V\u00e6rksted ApS\",\"isPartOf\":{\"@id\":\"https:\/\/f-v.dk\/#website\"},\"datePublished\":\"2022-10-29T04:28:36+00:00\",\"dateModified\":\"2023-01-17T08:14:52+00:00\",\"breadcrumb\":{\"@id\":\"https:\/\/f-v.dk\/en\/turning\/#breadcrumb\"},\"inLanguage\":\"en-US\",\"potentialAction\":[{\"@type\":\"ReadAction\",\"target\":[\"https:\/\/f-v.dk\/en\/turning\/\"]}]},{\"@type\":\"BreadcrumbList\",\"@id\":\"https:\/\/f-v.dk\/en\/turning\/#breadcrumb\",\"itemListElement\":[{\"@type\":\"ListItem\",\"position\":1,\"name\":\"Hjem\",\"item\":\"https:\/\/f-v.dk\/en\/\"},{\"@type\":\"ListItem\",\"position\":2,\"name\":\"Turning\"}]},{\"@type\":\"WebSite\",\"@id\":\"https:\/\/f-v.dk\/#website\",\"url\":\"https:\/\/f-v.dk\/\",\"name\":\"Finmekanisk V\u00e6rksted ApS\",\"description\":\"CNC, finmekanik, drejning og fr\u00e6sning i S\u00f8nderborg i Syddanmark\",\"publisher\":{\"@id\":\"https:\/\/f-v.dk\/#organization\"},\"potentialAction\":[{\"@type\":\"SearchAction\",\"target\":{\"@type\":\"EntryPoint\",\"urlTemplate\":\"https:\/\/f-v.dk\/?s={search_term_string}\"},\"query-input\":\"required name=search_term_string\"}],\"inLanguage\":\"en-US\"},{\"@type\":\"Organization\",\"@id\":\"https:\/\/f-v.dk\/#organization\",\"name\":\"Finmekanisk V\u00e6rksted ApS\",\"url\":\"https:\/\/f-v.dk\/\",\"logo\":{\"@type\":\"ImageObject\",\"inLanguage\":\"en-US\",\"@id\":\"https:\/\/f-v.dk\/#\/schema\/logo\/image\/\",\"url\":\"https:\/\/f-v.dk\/wp-content\/uploads\/2022\/12\/logo-sort.png\",\"contentUrl\":\"https:\/\/f-v.dk\/wp-content\/uploads\/2022\/12\/logo-sort.png\",\"width\":476,\"height\":95,\"caption\":\"Finmekanisk V\u00e6rksted ApS\"},\"image\":{\"@id\":\"https:\/\/f-v.dk\/#\/schema\/logo\/image\/\"}}]}<\/script>\n<!-- \/ Yoast SEO plugin. -->","yoast_head_json":{"title":"Turning &middot; Finmekanisk V\u00e6rksted ApS","robots":{"index":"index","follow":"follow","max-snippet":"max-snippet:-1","max-image-preview":"max-image-preview:large","max-video-preview":"max-video-preview:-1"},"canonical":"https:\/\/f-v.dk\/en\/turning\/","og_locale":"en_US","og_type":"article","og_title":"Turning &middot; Finmekanisk V\u00e6rksted ApS","og_description":"We offer professional turning.","og_url":"https:\/\/f-v.dk\/en\/turning\/","og_site_name":"Finmekanisk V\u00e6rksted ApS","article_modified_time":"2023-01-17T08:14:52+00:00","og_image":[{"width":962,"height":641,"url":"https:\/\/f-v.dk\/wp-content\/uploads\/2022\/12\/2-120.jpg","type":"image\/jpeg"}],"twitter_card":"summary_large_image","twitter_misc":{"Est. reading time":"2 minutes"},"schema":{"@context":"https:\/\/schema.org","@graph":[{"@type":"WebPage","@id":"https:\/\/f-v.dk\/en\/turning\/","url":"https:\/\/f-v.dk\/en\/turning\/","name":"Turning &middot; Finmekanisk V\u00e6rksted ApS","isPartOf":{"@id":"https:\/\/f-v.dk\/#website"},"datePublished":"2022-10-29T04:28:36+00:00","dateModified":"2023-01-17T08:14:52+00:00","breadcrumb":{"@id":"https:\/\/f-v.dk\/en\/turning\/#breadcrumb"},"inLanguage":"en-US","potentialAction":[{"@type":"ReadAction","target":["https:\/\/f-v.dk\/en\/turning\/"]}]},{"@type":"BreadcrumbList","@id":"https:\/\/f-v.dk\/en\/turning\/#breadcrumb","itemListElement":[{"@type":"ListItem","position":1,"name":"Hjem","item":"https:\/\/f-v.dk\/en\/"},{"@type":"ListItem","position":2,"name":"Turning"}]},{"@type":"WebSite","@id":"https:\/\/f-v.dk\/#website","url":"https:\/\/f-v.dk\/","name":"Finmekanisk V\u00e6rksted ApS","description":"CNC, finmekanik, drejning og fr\u00e6sning i S\u00f8nderborg i Syddanmark","publisher":{"@id":"https:\/\/f-v.dk\/#organization"},"potentialAction":[{"@type":"SearchAction","target":{"@type":"EntryPoint","urlTemplate":"https:\/\/f-v.dk\/?s={search_term_string}"},"query-input":"required name=search_term_string"}],"inLanguage":"en-US"},{"@type":"Organization","@id":"https:\/\/f-v.dk\/#organization","name":"Finmekanisk V\u00e6rksted ApS","url":"https:\/\/f-v.dk\/","logo":{"@type":"ImageObject","inLanguage":"en-US","@id":"https:\/\/f-v.dk\/#\/schema\/logo\/image\/","url":"https:\/\/f-v.dk\/wp-content\/uploads\/2022\/12\/logo-sort.png","contentUrl":"https:\/\/f-v.dk\/wp-content\/uploads\/2022\/12\/logo-sort.png","width":476,"height":95,"caption":"Finmekanisk V\u00e6rksted ApS"},"image":{"@id":"https:\/\/f-v.dk\/#\/schema\/logo\/image\/"}}]}},"_links":{"self":[{"href":"https:\/\/f-v.dk\/en\/wp-json\/wp\/v2\/pages\/4669"}],"collection":[{"href":"https:\/\/f-v.dk\/en\/wp-json\/wp\/v2\/pages"}],"about":[{"href":"https:\/\/f-v.dk\/en\/wp-json\/wp\/v2\/types\/page"}],"author":[{"embeddable":true,"href":"https:\/\/f-v.dk\/en\/wp-json\/wp\/v2\/users\/1"}],"replies":[{"embeddable":true,"href":"https:\/\/f-v.dk\/en\/wp-json\/wp\/v2\/comments?post=4669"}],"version-history":[{"count":3,"href":"https:\/\/f-v.dk\/en\/wp-json\/wp\/v2\/pages\/4669\/revisions"}],"predecessor-version":[{"id":4672,"href":"https:\/\/f-v.dk\/en\/wp-json\/wp\/v2\/pages\/4669\/revisions\/4672"}],"wp:featuredmedia":[{"embeddable":true,"href":"https:\/\/f-v.dk\/en\/wp-json\/wp\/v2\/media\/4608"}],"wp:attachment":[{"href":"https:\/\/f-v.dk\/en\/wp-json\/wp\/v2\/media?parent=4669"}],"wp:term":[{"taxonomy":"category","embeddable":true,"href":"https:\/\/f-v.dk\/en\/wp-json\/wp\/v2\/categories?post=4669"}],"curies":[{"name":"wp","href":"https:\/\/api.w.org\/{rel}","templated":true}]}}