{"id":4666,"date":"2020-02-12T13:11:38","date_gmt":"2020-02-12T12:11:38","guid":{"rendered":"http:\/\/f-v.dk\/contact-us\/"},"modified":"2023-01-17T09:00:08","modified_gmt":"2023-01-17T08:00:08","slug":"contact-us","status":"publish","type":"page","link":"https:\/\/f-v.dk\/en\/contact-us\/","title":{"rendered":"Contact us"},"content":{"rendered":"<section class=\"wpb-content-wrapper\"><p>[vc_row full_width=&#8221;stretch_row&#8221;][vc_column]<div class=\"ult-spacer spacer-69e00572d45cb\" data-id=\"69e00572d45cb\" data-height=\"90\" data-height-mobile=\"60\" data-height-tab=\"90\" data-height-tab-portrait=\"60\" data-height-mobile-landscape=\"60\" style=\"clear:both;display:block;\"><\/div>[vc_row_inner][vc_column_inner offset=&#8221;vc_col-lg-6 vc_col-md-6 vc_col-xs-12&#8243;][vc_column_text css=&#8221;.vc_custom_1669987161441{padding-top: 30px !important;padding-right: 30px !important;padding-bottom: 30px !important;padding-left: 30px !important;background-color: #f8f9fd !important;}&#8221;]<\/p>\n<h2 style=\"text-align: left;\">Contact us today<\/h2>\n<p><strong>Finmekanisk V\u00e6rksted ApS<\/strong><br \/>\nCVR: 36941820<\/p>\n<p>Damgade 79, 6400 S\u00f8nderborg<br \/>\n<a href=\"https:\/\/goo.gl\/maps\/UvV6HDg7D6kpJhGa9\" target=\"_blank\" rel=\"noopener\">Find the way here<\/a><\/p>\n<p>Phone:<br \/>\n<a href=\"tel:74427222\">(+45) 74 42 72 22<\/a><\/p>\n<p>E-mail:<br \/>\n<a href=\"mailto:info@f-v.dk\">info@f-v.dk<\/a>[\/vc_column_text]<div class=\"ult-spacer spacer-69e00572d4617\" data-id=\"69e00572d4617\" data-height=\"0\" data-height-mobile=\"30\" data-height-tab=\"0\" data-height-tab-portrait=\"30\" data-height-mobile-landscape=\"30\" style=\"clear:both;display:block;\"><\/div>[\/vc_column_inner][vc_column_inner offset=&#8221;vc_col-lg-6 vc_col-md-6 vc_col-xs-12&#8243;][vc_column_text]<\/p>\n<h3>Write to us<\/h3>\n<p>[\/vc_column_text][vc_empty_space height=&#8221;15px&#8221;][vc_raw_html]JTVCZm9ybWluYXRvcl9mb3JtJTIwaWQlM0QlMjI0NjkxJTIyJTVE[\/vc_raw_html][\/vc_column_inner][\/vc_row_inner]<div class=\"ult-spacer spacer-69e00572d463b\" data-id=\"69e00572d463b\" data-height=\"90\" data-height-mobile=\"60\" data-height-tab=\"90\" data-height-tab-portrait=\"60\" data-height-mobile-landscape=\"60\" style=\"clear:both;display:block;\"><\/div>[\/vc_column][\/vc_row][vc_row full_width=&#8221;stretch_row_content_no_spaces&#8221;][vc_column][vc_gmaps link=&#8221;#E-8_JTNDaWZyYW1lJTIwc3JjJTNEJTIyaHR0cHMlM0ElMkYlMkZ3d3cuZ29vZ2xlLmNvbSUyRm1hcHMlMkZlbWJlZCUzRnBiJTNEJTIxMW0xOCUyMTFtMTIlMjExbTMlMjExZDIyOTIuNjk0OTgzMTk4OTI2NCUyMTJkOS44MDA3ODIyMTU4OTg1ODYlMjEzZDU0LjkyNTgyNDM4MDM0MDIyJTIxMm0zJTIxMWYwJTIxMmYwJTIxM2YwJTIxM20yJTIxMWkxMDI0JTIxMmk3NjglMjE0ZjEzLjElMjEzbTMlMjExbTIlMjExczB4NDdiMzM3NWMzODU5Y2I4NSUyNTNBMHhkN2I5YTYwMzZhNzM2ZDdjJTIxMnNEYW1nYWRlJTI1MjA3OSUyNTJDJTI1MjA2NDAwJTI1MjBTJTI1QzMlMjVCOG5kZXJib3JnJTIxNWUwJTIxM20yJTIxMXNkYSUyMTJzZGslMjE0djE2Njk5ODEwOTUyODAlMjE1bTIlMjExc2RhJTIxMnNkayUyMiUyMHdpZHRoJTNEJTIyNjAwJTIyJTIwaGVpZ2h0JTNEJTIyNDUwJTIyJTIwc3R5bGUlM0QlMjJib3JkZXIlM0EwJTNCJTIyJTIwYWxsb3dmdWxsc2NyZWVuJTNEJTIyJTIyJTIwbG9hZGluZyUzRCUyMmxhenklMjIlMjByZWZlcnJlcnBvbGljeSUzRCUyMm5vLXJlZmVycmVyLXdoZW4tZG93bmdyYWRlJTIyJTNFJTNDJTJGaWZyYW1lJTNF&#8221; size=&#8221;400px&#8221; css=&#8221;.vc_custom_1669987101092{margin-bottom: 0px !important;}&#8221; el_class=&#8221;grayscale&#8221;][\/vc_column][\/vc_row]<\/p>\n<\/section>","protected":false},"excerpt":{"rendered":"<p>Write to us if you have questions or comments<\/p>\n","protected":false},"author":1,"featured_media":4631,"parent":0,"menu_order":0,"comment_status":"closed","ping_status":"closed","template":"","meta":{"footnotes":""},"categories":[],"acf":[],"yoast_head":"<!-- This site is optimized with the Yoast SEO plugin v19.11 - https:\/\/yoast.com\/wordpress\/plugins\/seo\/ -->\n<title>Contact us &middot; Finmekanisk V\u00e6rksted ApS<\/title>\n<meta name=\"robots\" content=\"index, follow, max-snippet:-1, max-image-preview:large, max-video-preview:-1\" \/>\n<link rel=\"canonical\" href=\"https:\/\/f-v.dk\/en\/contact-us\/\" \/>\n<meta property=\"og:locale\" content=\"en_US\" \/>\n<meta property=\"og:type\" content=\"article\" \/>\n<meta property=\"og:title\" content=\"Contact us &middot; Finmekanisk V\u00e6rksted ApS\" \/>\n<meta property=\"og:description\" content=\"Write to us if you have questions or comments\" \/>\n<meta property=\"og:url\" content=\"https:\/\/f-v.dk\/en\/contact-us\/\" \/>\n<meta property=\"og:site_name\" content=\"Finmekanisk V\u00e6rksted ApS\" \/>\n<meta property=\"article:modified_time\" content=\"2023-01-17T08:00:08+00:00\" \/>\n<meta property=\"og:image\" content=\"https:\/\/f-v.dk\/wp-content\/uploads\/2022\/12\/banner2-26.jpg\" \/>\n\t<meta property=\"og:image:width\" content=\"1920\" \/>\n\t<meta property=\"og:image:height\" content=\"478\" \/>\n\t<meta property=\"og:image:type\" content=\"image\/jpeg\" \/>\n<meta name=\"twitter:card\" content=\"summary_large_image\" \/>\n<meta name=\"twitter:label1\" content=\"Est. reading time\" \/>\n\t<meta name=\"twitter:data1\" content=\"1 minute\" \/>\n<script type=\"application\/ld+json\" class=\"yoast-schema-graph\">{\"@context\":\"https:\/\/schema.org\",\"@graph\":[{\"@type\":\"WebPage\",\"@id\":\"https:\/\/f-v.dk\/en\/contact-us\/\",\"url\":\"https:\/\/f-v.dk\/en\/contact-us\/\",\"name\":\"Contact us &middot; Finmekanisk V\u00e6rksted ApS\",\"isPartOf\":{\"@id\":\"https:\/\/f-v.dk\/#website\"},\"datePublished\":\"2020-02-12T12:11:38+00:00\",\"dateModified\":\"2023-01-17T08:00:08+00:00\",\"breadcrumb\":{\"@id\":\"https:\/\/f-v.dk\/en\/contact-us\/#breadcrumb\"},\"inLanguage\":\"en-US\",\"potentialAction\":[{\"@type\":\"ReadAction\",\"target\":[\"https:\/\/f-v.dk\/en\/contact-us\/\"]}]},{\"@type\":\"BreadcrumbList\",\"@id\":\"https:\/\/f-v.dk\/en\/contact-us\/#breadcrumb\",\"itemListElement\":[{\"@type\":\"ListItem\",\"position\":1,\"name\":\"Hjem\",\"item\":\"https:\/\/f-v.dk\/en\/\"},{\"@type\":\"ListItem\",\"position\":2,\"name\":\"Contact us\"}]},{\"@type\":\"WebSite\",\"@id\":\"https:\/\/f-v.dk\/#website\",\"url\":\"https:\/\/f-v.dk\/\",\"name\":\"Finmekanisk V\u00e6rksted ApS\",\"description\":\"CNC, finmekanik, drejning og fr\u00e6sning i S\u00f8nderborg i Syddanmark\",\"publisher\":{\"@id\":\"https:\/\/f-v.dk\/#organization\"},\"potentialAction\":[{\"@type\":\"SearchAction\",\"target\":{\"@type\":\"EntryPoint\",\"urlTemplate\":\"https:\/\/f-v.dk\/?s={search_term_string}\"},\"query-input\":\"required name=search_term_string\"}],\"inLanguage\":\"en-US\"},{\"@type\":\"Organization\",\"@id\":\"https:\/\/f-v.dk\/#organization\",\"name\":\"Finmekanisk V\u00e6rksted ApS\",\"url\":\"https:\/\/f-v.dk\/\",\"logo\":{\"@type\":\"ImageObject\",\"inLanguage\":\"en-US\",\"@id\":\"https:\/\/f-v.dk\/#\/schema\/logo\/image\/\",\"url\":\"https:\/\/f-v.dk\/wp-content\/uploads\/2022\/12\/logo-sort.png\",\"contentUrl\":\"https:\/\/f-v.dk\/wp-content\/uploads\/2022\/12\/logo-sort.png\",\"width\":476,\"height\":95,\"caption\":\"Finmekanisk V\u00e6rksted ApS\"},\"image\":{\"@id\":\"https:\/\/f-v.dk\/#\/schema\/logo\/image\/\"}}]}<\/script>\n<!-- \/ Yoast SEO plugin. -->","yoast_head_json":{"title":"Contact us &middot; Finmekanisk V\u00e6rksted ApS","robots":{"index":"index","follow":"follow","max-snippet":"max-snippet:-1","max-image-preview":"max-image-preview:large","max-video-preview":"max-video-preview:-1"},"canonical":"https:\/\/f-v.dk\/en\/contact-us\/","og_locale":"en_US","og_type":"article","og_title":"Contact us &middot; Finmekanisk V\u00e6rksted ApS","og_description":"Write to us if you have questions or comments","og_url":"https:\/\/f-v.dk\/en\/contact-us\/","og_site_name":"Finmekanisk V\u00e6rksted ApS","article_modified_time":"2023-01-17T08:00:08+00:00","og_image":[{"width":1920,"height":478,"url":"https:\/\/f-v.dk\/wp-content\/uploads\/2022\/12\/banner2-26.jpg","type":"image\/jpeg"}],"twitter_card":"summary_large_image","twitter_misc":{"Est. reading time":"1 minute"},"schema":{"@context":"https:\/\/schema.org","@graph":[{"@type":"WebPage","@id":"https:\/\/f-v.dk\/en\/contact-us\/","url":"https:\/\/f-v.dk\/en\/contact-us\/","name":"Contact us &middot; Finmekanisk V\u00e6rksted ApS","isPartOf":{"@id":"https:\/\/f-v.dk\/#website"},"datePublished":"2020-02-12T12:11:38+00:00","dateModified":"2023-01-17T08:00:08+00:00","breadcrumb":{"@id":"https:\/\/f-v.dk\/en\/contact-us\/#breadcrumb"},"inLanguage":"en-US","potentialAction":[{"@type":"ReadAction","target":["https:\/\/f-v.dk\/en\/contact-us\/"]}]},{"@type":"BreadcrumbList","@id":"https:\/\/f-v.dk\/en\/contact-us\/#breadcrumb","itemListElement":[{"@type":"ListItem","position":1,"name":"Hjem","item":"https:\/\/f-v.dk\/en\/"},{"@type":"ListItem","position":2,"name":"Contact us"}]},{"@type":"WebSite","@id":"https:\/\/f-v.dk\/#website","url":"https:\/\/f-v.dk\/","name":"Finmekanisk V\u00e6rksted ApS","description":"CNC, finmekanik, drejning og fr\u00e6sning i S\u00f8nderborg i Syddanmark","publisher":{"@id":"https:\/\/f-v.dk\/#organization"},"potentialAction":[{"@type":"SearchAction","target":{"@type":"EntryPoint","urlTemplate":"https:\/\/f-v.dk\/?s={search_term_string}"},"query-input":"required name=search_term_string"}],"inLanguage":"en-US"},{"@type":"Organization","@id":"https:\/\/f-v.dk\/#organization","name":"Finmekanisk V\u00e6rksted ApS","url":"https:\/\/f-v.dk\/","logo":{"@type":"ImageObject","inLanguage":"en-US","@id":"https:\/\/f-v.dk\/#\/schema\/logo\/image\/","url":"https:\/\/f-v.dk\/wp-content\/uploads\/2022\/12\/logo-sort.png","contentUrl":"https:\/\/f-v.dk\/wp-content\/uploads\/2022\/12\/logo-sort.png","width":476,"height":95,"caption":"Finmekanisk V\u00e6rksted ApS"},"image":{"@id":"https:\/\/f-v.dk\/#\/schema\/logo\/image\/"}}]}},"_links":{"self":[{"href":"https:\/\/f-v.dk\/en\/wp-json\/wp\/v2\/pages\/4666"}],"collection":[{"href":"https:\/\/f-v.dk\/en\/wp-json\/wp\/v2\/pages"}],"about":[{"href":"https:\/\/f-v.dk\/en\/wp-json\/wp\/v2\/types\/page"}],"author":[{"embeddable":true,"href":"https:\/\/f-v.dk\/en\/wp-json\/wp\/v2\/users\/1"}],"replies":[{"embeddable":true,"href":"https:\/\/f-v.dk\/en\/wp-json\/wp\/v2\/comments?post=4666"}],"version-history":[{"count":3,"href":"https:\/\/f-v.dk\/en\/wp-json\/wp\/v2\/pages\/4666\/revisions"}],"predecessor-version":[{"id":4692,"href":"https:\/\/f-v.dk\/en\/wp-json\/wp\/v2\/pages\/4666\/revisions\/4692"}],"wp:featuredmedia":[{"embeddable":true,"href":"https:\/\/f-v.dk\/en\/wp-json\/wp\/v2\/media\/4631"}],"wp:attachment":[{"href":"https:\/\/f-v.dk\/en\/wp-json\/wp\/v2\/media?parent=4666"}],"wp:term":[{"taxonomy":"category","embeddable":true,"href":"https:\/\/f-v.dk\/en\/wp-json\/wp\/v2\/categories?post=4666"}],"curies":[{"name":"wp","href":"https:\/\/api.w.org\/{rel}","templated":true}]}}