{"id":4659,"date":"2020-02-12T08:51:30","date_gmt":"2020-02-12T07:51:30","guid":{"rendered":"http:\/\/f-v.dk\/front-page\/"},"modified":"2023-01-17T09:00:58","modified_gmt":"2023-01-17T08:00:58","slug":"front-page","status":"publish","type":"page","link":"https:\/\/f-v.dk\/en\/","title":{"rendered":"Front page"},"content":{"rendered":"<section class=\"wpb-content-wrapper\"><p>[vc_row full_width=&#8221;stretch_row&#8221;][vc_column]<div class=\"ult-spacer spacer-69e4a0b8ac2ef\" data-id=\"69e4a0b8ac2ef\" data-height=\"90\" data-height-mobile=\"60\" data-height-tab=\"90\" data-height-tab-portrait=\"60\" data-height-mobile-landscape=\"60\" style=\"clear:both;display:block;\"><\/div>[vc_row_inner][vc_column_inner offset=&#8221;vc_col-lg-2 vc_col-md-2 vc_col-xs-12&#8243;][\/vc_column_inner][vc_column_inner offset=&#8221;vc_col-lg-8 vc_col-md-8 vc_col-xs-12&#8243;][vc_column_text]<\/p>\n<h6 style=\"text-align: center;\">Finmekanisk V\u00e6rksted ApS<\/h6>\n<h1 style=\"text-align: center;\">CNC, fine mechanics, turning and milling in S\u00f8nderborg in Southern Denmark<\/h1>\n<h3 style=\"text-align: center;\">High-quality precision mechanics<\/h3>\n<p style=\"text-align: center;\">At our engineering workshop, we are specialists in the field of precision mechanics. We have served quality-minded businesses in southern Jutland for many years, providing everything from CNC milling and CNC turning to other complex and technical machining operations. We have 40 years of experience in the business, with highly qualified machine operators who every day help our customers achieve their project goals.<\/p>\n<p style=\"text-align: center;\">Whether you need to create a metal or plastic prototype, drill small holes, turn a pipe or perform any other type of machining operation involving precision mechanics, we are ready to help. All our work is of high quality, because happy, satisfied customers are the foundation of our business.<\/p>\n<p>[\/vc_column_text][vc_empty_space height=&#8221;30px&#8221;][\/vc_column_inner][vc_column_inner offset=&#8221;vc_col-lg-2 vc_col-md-2 vc_col-xs-12&#8243;][\/vc_column_inner][\/vc_row_inner][vc_btn title=&#8221;Contact us today&#8221; style=&#8221;custom&#8221; custom_background=&#8221;#3b65a1&#8243; custom_text=&#8221;#ffffff&#8221; shape=&#8221;square&#8221; size=&#8221;sm&#8221; align=&#8221;center&#8221; link=&#8221;url:%2Fen%2Fcontact%2F|title:Contact%20us%20today&#8221;]<div class=\"ult-spacer spacer-69e4a0b8ac33d\" data-id=\"69e4a0b8ac33d\" data-height=\"90\" data-height-mobile=\"60\" data-height-tab=\"90\" data-height-tab-portrait=\"60\" data-height-mobile-landscape=\"60\" style=\"clear:both;display:block;\"><\/div>[\/vc_column][\/vc_row][vc_row full_width=&#8221;stretch_row&#8221; css=&#8221;.vc_custom_1669985132333{background-color: #3b65a1 !important;}&#8221; el_class=&#8221;custom-ikoner&#8221;][vc_column]<div class=\"ult-spacer spacer-69e4a0b8ac368\" data-id=\"69e4a0b8ac368\" data-height=\"30\" data-height-mobile=\"30\" data-height-tab=\"30\" data-height-tab-portrait=\"30\" data-height-mobile-landscape=\"30\" style=\"clear:both;display:block;\"><\/div>[vc_row_inner][vc_column_inner width=&#8221;1\/2&#8243; offset=&#8221;vc_col-lg-4 vc_col-md-4 vc_col-xs-12&#8243;]<div class=\"aio-icon-component    style_3\"><div id=\"Info-box-wrap-2560\" class=\"aio-icon-box top-icon\" style=\"\"  ><div class=\"aio-icon-top\"><div class=\"ult-just-icon-wrapper  \"><div class=\"align-icon\" style=\"text-align:center;\">\n<div class=\"aio-icon-img \" style=\"font-size:60px;display:inline-block;\" >\n\t<img decoding=\"async\" class=\"img-icon\" alt=\"null\" src=\"https:\/\/f-v.dk\/wp-content\/uploads\/2022\/12\/milling-machine-1.svg\"\/>\n<\/div><\/div><\/div><\/div><div class=\"aio-icon-description ult-responsive\"  data-ultimate-target='#Info-box-wrap-2560 .aio-icon-description'  data-responsive-json-new='{\"font-size\":\"desktop:16px;mobile:14px;\",\"line-height\":\"\"}'  style=\"color:#666666;\"><\/p>\n<h3>Focus on precision mechanics<\/h3>\n<p><\/div> <!-- description --><\/div> <!-- aio-icon-box --><\/div> <!-- aio-icon-component --><div class=\"ult-spacer spacer-69e4a0b8ac75d\" data-id=\"69e4a0b8ac75d\" data-height=\"0\" data-height-mobile=\"30\" data-height-tab=\"0\" data-height-tab-portrait=\"0\" data-height-mobile-landscape=\"30\" style=\"clear:both;display:block;\"><\/div>[\/vc_column_inner][vc_column_inner width=&#8221;1\/2&#8243; offset=&#8221;vc_col-lg-4 vc_col-md-4 vc_col-xs-12&#8243;]<div class=\"aio-icon-component    style_3\"><div id=\"Info-box-wrap-6761\" class=\"aio-icon-box top-icon\" style=\"\"  ><div class=\"aio-icon-top\"><div class=\"ult-just-icon-wrapper  \"><div class=\"align-icon\" style=\"text-align:center;\">\n<div class=\"aio-icon-img \" style=\"font-size:60px;display:inline-block;\" >\n\t<img decoding=\"async\" class=\"img-icon\" alt=\"null\" src=\"https:\/\/f-v.dk\/wp-content\/uploads\/2022\/12\/prototype-1.svg\"\/>\n<\/div><\/div><\/div><\/div><div class=\"aio-icon-description ult-responsive\"  data-ultimate-target='#Info-box-wrap-6761 .aio-icon-description'  data-responsive-json-new='{\"font-size\":\"desktop:16px;mobile:14px;\",\"line-height\":\"\"}'  style=\"color:#666666;\"><\/p>\n<h3>Unique solutions<\/h3>\n<p><\/div> <!-- description --><\/div> <!-- aio-icon-box --><\/div> <!-- aio-icon-component --><div class=\"ult-spacer spacer-69e4a0b8ac9e5\" data-id=\"69e4a0b8ac9e5\" data-height=\"0\" data-height-mobile=\"30\" data-height-tab=\"0\" data-height-tab-portrait=\"60\" data-height-mobile-landscape=\"30\" style=\"clear:both;display:block;\"><\/div>[\/vc_column_inner][vc_column_inner offset=&#8221;vc_col-lg-4 vc_col-md-4 vc_col-xs-12&#8243;]<div class=\"aio-icon-component    style_3\"><div id=\"Info-box-wrap-4950\" class=\"aio-icon-box top-icon\" style=\"\"  ><div class=\"aio-icon-top\"><div class=\"ult-just-icon-wrapper  \"><div class=\"align-icon\" style=\"text-align:center;\">\n<div class=\"aio-icon-img \" style=\"font-size:60px;display:inline-block;\" >\n\t<img decoding=\"async\" class=\"img-icon\" alt=\"null\" src=\"https:\/\/f-v.dk\/wp-content\/uploads\/2022\/12\/customize-1.svg\"\/>\n<\/div><\/div><\/div><\/div><div class=\"aio-icon-description ult-responsive\"  data-ultimate-target='#Info-box-wrap-4950 .aio-icon-description'  data-responsive-json-new='{\"font-size\":\"desktop:16px;mobile:14px;\",\"line-height\":\"\"}'  style=\"color:#666666;\"><\/p>\n<h3>Production of prototypes<\/h3>\n<p><\/div> <!-- description --><\/div> <!-- aio-icon-box --><\/div> <!-- aio-icon-component -->[\/vc_column_inner][\/vc_row_inner]<div class=\"ult-spacer spacer-69e4a0b8acc2e\" data-id=\"69e4a0b8acc2e\" data-height=\"30\" data-height-mobile=\"30\" data-height-tab=\"30\" data-height-tab-portrait=\"30\" data-height-mobile-landscape=\"30\" style=\"clear:both;display:block;\"><\/div>[\/vc_column][\/vc_row][vc_row full_width=&#8221;stretch_row&#8221; equal_height=&#8221;yes&#8221; css=&#8221;.vc_custom_1669982088088{background-color: #f8f9fd !important;}&#8221;][vc_column offset=&#8221;vc_col-lg-6 vc_col-md-offset-6 vc_col-md-6 vc_col-xs-12&#8243;]<div class=\"ult-spacer spacer-69e4a0b8acc58\" data-id=\"69e4a0b8acc58\" data-height=\"90\" data-height-mobile=\"60\" data-height-tab=\"90\" data-height-tab-portrait=\"60\" data-height-mobile-landscape=\"60\" style=\"clear:both;display:block;\"><\/div>[vc_column_text el_class=&#8221;margin-left&#8221;]<\/p>\n<h3>Precision mechanics performed by experienced professionals<\/h3>\n<p>The founder of our company, Uwe Carstensen, has his roots in the watchmaking business, where the quality of the final product depends on technical skill, precision, knowledge and experience. We employ these qualities to the full \u2013 they are all important and solidly anchored aspects of our work processes. You can be sure we will deliver a product that completely lives up to your expectations. We offer precision mechanics performed by experienced specialists who work with great professional integrity.<\/p>\n<p>Precision turned and milled workpieces at the right price<br \/>\nWhen we help you with precision mechanics such as precision-turned and -milled workpieces, we do so at a very reasonable price. It\u2019s our job to fulfill your wishes and needs in the area of precision mechanics, and we enjoy any new and exciting challenge. Let us help you with your project and ensure that you get the desired results.<\/p>\n<p>Contact us with your questions, call us at <a href=\"tel:20201605\">+45 20 20 16 05<\/a> or send us an email at <a href=\"mailto:info@f-v.dk\">info@f-v.dk<\/a>.<\/p>\n<p>We look forward to hearing your thoughts and plans.[\/vc_column_text]<div class=\"ult-spacer spacer-69e4a0b8acc7e\" data-id=\"69e4a0b8acc7e\" data-height=\"90\" data-height-mobile=\"60\" data-height-tab=\"90\" data-height-tab-portrait=\"60\" data-height-mobile-landscape=\"60\" style=\"clear:both;display:block;\"><\/div>[\/vc_column][vc_column css=&#8221;.vc_custom_1669981928525{background-image: url(http:\/\/f-v.dk\/wp-content\/uploads\/2022\/12\/20160229-robert-carstensen43760-197-scaled.jpg?id=4491) !important;background-position: center !important;background-repeat: no-repeat !important;background-size: cover !important;}&#8221; offset=&#8221;vc_col-lg-6 vc_col-md-6 vc_col-xs-12&#8243; el_class=&#8221;position-absolute-left&#8221;]<div class=\"ult-spacer spacer-69e4a0b8acca0\" data-id=\"69e4a0b8acca0\" data-height=\"0\" data-height-mobile=\"200\" data-height-tab=\"0\" data-height-tab-portrait=\"300\" data-height-mobile-landscape=\"250\" style=\"clear:both;display:block;\"><\/div>[\/vc_column][\/vc_row][vc_row full_width=&#8221;stretch_row_content_no_spaces&#8221;][vc_column]<div class=\"ult-spacer spacer-69e4a0b8accc2\" data-id=\"69e4a0b8accc2\" data-height=\"90\" data-height-mobile=\"60\" data-height-tab=\"90\" data-height-tab-portrait=\"60\" data-height-mobile-landscape=\"60\" style=\"clear:both;display:block;\"><\/div>[\/vc_column][\/vc_row][vc_row full_width=&#8221;stretch_row&#8221; equal_height=&#8221;yes&#8221;][vc_column offset=&#8221;vc_col-lg-6 vc_col-md-6 vc_col-xs-12&#8243;]<div class=\"ult-spacer spacer-69e4a0b8acce1\" data-id=\"69e4a0b8acce1\" data-height=\"60\" data-height-mobile=\"30\" data-height-tab=\"0\" data-height-tab-portrait=\"30\" data-height-mobile-landscape=\"30\" style=\"clear:both;display:block;\"><\/div>[vc_column_text el_class=&#8221;margin-right cta&#8221;]<\/p>\n<h3>We have new measuring equipment<\/h3>\n<ul>\n<li>Mahr Scope 250 Plus<\/li>\n<li>Mahr roughness indicator<\/li>\n<li>Mahrvision MM420 Measuring Microsope<\/li>\n<li>Laser measurement of tools<\/li>\n<li>Profile projects<\/li>\n<li>Microheit height gauges<\/li>\n<li>Nikon microscope<\/li>\n<li>Measurement reports as desired<\/li>\n<li>SPC measuring<\/li>\n<\/ul>\n<p>[\/vc_column_text]<div class=\"ult-spacer spacer-69e4a0b8acd04\" data-id=\"69e4a0b8acd04\" data-height=\"60\" data-height-mobile=\"30\" data-height-tab=\"0\" data-height-tab-portrait=\"30\" data-height-mobile-landscape=\"30\" style=\"clear:both;display:block;\"><\/div>[\/vc_column][vc_column css=&#8221;.vc_custom_1669984141976{background-position: center !important;background-repeat: no-repeat !important;background-size: cover !important;}&#8221; offset=&#8221;vc_col-lg-6 vc_col-md-6 vc_col-xs-12&#8243; el_class=&#8221;position-absolute-right&#8221;][vc_media_grid element_width=&#8221;6&#8243; gap=&#8221;15&#8243; grid_id=&#8221;vc_gid:1673942448400-5a1ab288-1a87-9&#8243; include=&#8221;4637,4629&#8243;]<div class=\"ult-spacer spacer-69e4a0b8acd20\" data-id=\"69e4a0b8acd20\" data-height=\"0\" data-height-mobile=\"30\" data-height-tab=\"0\" data-height-tab-portrait=\"30\" data-height-mobile-landscape=\"30\" style=\"clear:both;display:block;\"><\/div>[\/vc_column][\/vc_row][vc_row full_width=&#8221;stretch_row_content_no_spaces&#8221;][vc_column]<div class=\"ult-spacer spacer-69e4a0b8acd3b\" data-id=\"69e4a0b8acd3b\" data-height=\"90\" data-height-mobile=\"60\" data-height-tab=\"90\" data-height-tab-portrait=\"60\" data-height-mobile-landscape=\"60\" style=\"clear:both;display:block;\"><\/div>[\/vc_column][\/vc_row][vc_row full_width=&#8221;stretch_row&#8221; css=&#8221;.vc_custom_1669984067030{background-color: #f7f7f7 !important;}&#8221;][vc_column]<div class=\"ult-spacer spacer-69e4a0b8acd56\" data-id=\"69e4a0b8acd56\" data-height=\"90\" data-height-mobile=\"60\" data-height-tab=\"90\" data-height-tab-portrait=\"60\" data-height-mobile-landscape=\"60\" style=\"clear:both;display:block;\"><\/div>[vc_row_inner][vc_column_inner offset=&#8221;vc_col-lg-2 vc_col-md-2 vc_col-xs-12&#8243;][\/vc_column_inner][vc_column_inner offset=&#8221;vc_col-lg-8 vc_col-md-8 vc_col-xs-12&#8243;][vc_column_text el_class=&#8221;cta&#8221;]<\/p>\n<h3 style=\"text-align: center;\">Let us help you<\/h3>\n<p style=\"text-align: center;\">Read more about what we can do for you.<\/p>\n<p>[\/vc_column_text]<div class=\"ult-spacer spacer-69e4a0b8acd71\" data-id=\"69e4a0b8acd71\" data-height=\"60\" data-height-mobile=\"30\" data-height-tab=\"60\" data-height-tab-portrait=\"30\" data-height-mobile-landscape=\"30\" style=\"clear:both;display:block;\"><\/div>[\/vc_column_inner][vc_column_inner offset=&#8221;vc_col-lg-2 vc_col-md-2 vc_col-xs-12&#8243;][\/vc_column_inner][\/vc_row_inner][vc_basic_grid post_type=&#8221;page&#8221; max_items=&#8221;3&#8243; gap=&#8221;20&#8243; orderby=&#8221;menu_order&#8221; order=&#8221;ASC&#8221; item=&#8221;1545&#8243; grid_id=&#8221;vc_gid:1673942448402-f929c98f-807f-2&#8243; taxonomies=&#8221;17&#8243;]<div class=\"ult-spacer spacer-69e4a0b8acd8b\" data-id=\"69e4a0b8acd8b\" data-height=\"90\" data-height-mobile=\"60\" data-height-tab=\"90\" data-height-tab-portrait=\"60\" data-height-mobile-landscape=\"60\" style=\"clear:both;display:block;\"><\/div>[\/vc_column][\/vc_row][vc_row full_width=&#8221;stretch_row&#8221; el_class=&#8221;overlay white cta parallax&#8221; css=&#8221;.vc_custom_1669982381850{background-image: url(http:\/\/f-v.dk\/wp-content\/uploads\/2022\/12\/20160229-robert-carstensen43759-210-scaled.jpg?id=4490) !important;background-position: center !important;background-repeat: no-repeat !important;background-size: cover !important;}&#8221;][vc_column]<div class=\"ult-spacer spacer-69e4a0b8acda5\" data-id=\"69e4a0b8acda5\" data-height=\"90\" data-height-mobile=\"60\" data-height-tab=\"90\" data-height-tab-portrait=\"60\" data-height-mobile-landscape=\"60\" style=\"clear:both;display:block;\"><\/div>[vc_row_inner][vc_column_inner el_class=&#8221;z-index-over&#8221; offset=&#8221;vc_col-lg-6 vc_col-md-8 vc_col-xs-12&#8243;][vc_column_text el_class=&#8221;cta&#8221;]<\/p>\n<h3>Get a non-binding offer for the above services<\/h3>\n<p>[\/vc_column_text][vc_empty_space height=&#8221;30px&#8221;][vc_raw_html]JTVCZm9ybWluYXRvcl9mb3JtJTIwaWQlM0QlMjI0NjkxJTIyJTVE[\/vc_raw_html][\/vc_column_inner][vc_column_inner width=&#8221;1\/6&#8243; offset=&#8221;vc_col-lg-6 vc_col-md-4 vc_col-xs-12&#8243;][\/vc_column_inner][\/vc_row_inner]<div class=\"ult-spacer spacer-69e4a0b8acdbf\" data-id=\"69e4a0b8acdbf\" data-height=\"120\" data-height-mobile=\"90\" data-height-tab=\"120\" data-height-tab-portrait=\"90\" data-height-mobile-landscape=\"90\" style=\"clear:both;display:block;\"><\/div>[\/vc_column][\/vc_row]<\/p>\n<\/section>","protected":false},"excerpt":{"rendered":"<p>[vc_row full_width=&#8221;stretch_row&#8221;][vc_column][vc_row_inner][vc_column_inner offset=&#8221;vc_col-lg-2 vc_col-md-2 vc_col-xs-12&#8243;][\/vc_column_inner][vc_column_inner offset=&#8221;vc_col-lg-8 vc_col-md-8 vc_col-xs-12&#8243;][vc_column_text] Finmekanisk V\u00e6rksted ApS CNC, fine mechanics, turning and milling in S\u00f8nderborg in Southern Denmark High-quality precision mechanics At our engineering workshop, we are specialists in the field of precision mechanics. We have served quality-minded businesses in southern Jutland for many years, providing everything from CNC milling and &#8230; <a title=\"Front page\" class=\"read-more\" href=\"https:\/\/f-v.dk\/en\/\" aria-label=\"More on Front page\">Read more<\/a><\/p>\n","protected":false},"author":1,"featured_media":0,"parent":0,"menu_order":0,"comment_status":"closed","ping_status":"closed","template":"","meta":{"footnotes":""},"categories":[],"acf":[],"yoast_head":"<!-- This site is optimized with the Yoast SEO plugin v19.11 - https:\/\/yoast.com\/wordpress\/plugins\/seo\/ -->\n<title>CNC, finmekanik, drejning og fr\u00e6sning i S\u00f8nderborg i Syddanmark &middot; Finmekanisk V\u00e6rksted ApS<\/title>\n<meta name=\"robots\" content=\"index, follow, max-snippet:-1, max-image-preview:large, max-video-preview:-1\" \/>\n<link rel=\"canonical\" href=\"https:\/\/f-v.dk\/en\/\" \/>\n<meta property=\"og:locale\" content=\"en_US\" \/>\n<meta property=\"og:type\" content=\"article\" \/>\n<meta property=\"og:title\" content=\"CNC, finmekanik, drejning og fr\u00e6sning i S\u00f8nderborg i Syddanmark &middot; Finmekanisk V\u00e6rksted ApS\" \/>\n<meta property=\"og:description\" content=\"[vc_row full_width=&#8221;stretch_row&#8221;][vc_column][vc_row_inner][vc_column_inner offset=&#8221;vc_col-lg-2 vc_col-md-2 vc_col-xs-12&#8243;][\/vc_column_inner][vc_column_inner offset=&#8221;vc_col-lg-8 vc_col-md-8 vc_col-xs-12&#8243;][vc_column_text] Finmekanisk V\u00e6rksted ApS CNC, fine mechanics, turning and milling in S\u00f8nderborg in Southern Denmark High-quality precision mechanics At our engineering workshop, we are specialists in the field of precision mechanics. We have served quality-minded businesses in southern Jutland for many years, providing everything from CNC milling and ... Read more\" \/>\n<meta property=\"og:url\" content=\"https:\/\/f-v.dk\/en\/\" \/>\n<meta property=\"og:site_name\" content=\"Finmekanisk V\u00e6rksted ApS\" \/>\n<meta property=\"article:modified_time\" content=\"2023-01-17T08:00:58+00:00\" \/>\n<meta name=\"twitter:card\" content=\"summary_large_image\" \/>\n<meta name=\"twitter:label1\" content=\"Est. reading time\" \/>\n\t<meta name=\"twitter:data1\" content=\"3 minutes\" \/>\n<script type=\"application\/ld+json\" class=\"yoast-schema-graph\">{\"@context\":\"https:\/\/schema.org\",\"@graph\":[{\"@type\":\"WebPage\",\"@id\":\"https:\/\/f-v.dk\/en\/\",\"url\":\"https:\/\/f-v.dk\/en\/\",\"name\":\"CNC, finmekanik, drejning og fr\u00e6sning i S\u00f8nderborg i Syddanmark &middot; Finmekanisk V\u00e6rksted ApS\",\"isPartOf\":{\"@id\":\"https:\/\/f-v.dk\/#website\"},\"datePublished\":\"2020-02-12T07:51:30+00:00\",\"dateModified\":\"2023-01-17T08:00:58+00:00\",\"breadcrumb\":{\"@id\":\"https:\/\/f-v.dk\/en\/#breadcrumb\"},\"inLanguage\":\"en-US\",\"potentialAction\":[{\"@type\":\"ReadAction\",\"target\":[\"https:\/\/f-v.dk\/en\/\"]}]},{\"@type\":\"BreadcrumbList\",\"@id\":\"https:\/\/f-v.dk\/en\/#breadcrumb\",\"itemListElement\":[{\"@type\":\"ListItem\",\"position\":1,\"name\":\"Hjem\",\"item\":\"https:\/\/f-v.dk\/en\/\"},{\"@type\":\"ListItem\",\"position\":2,\"name\":\"Front page\"}]},{\"@type\":\"WebSite\",\"@id\":\"https:\/\/f-v.dk\/#website\",\"url\":\"https:\/\/f-v.dk\/\",\"name\":\"Finmekanisk V\u00e6rksted ApS\",\"description\":\"CNC, finmekanik, drejning og fr\u00e6sning i S\u00f8nderborg i Syddanmark\",\"publisher\":{\"@id\":\"https:\/\/f-v.dk\/#organization\"},\"potentialAction\":[{\"@type\":\"SearchAction\",\"target\":{\"@type\":\"EntryPoint\",\"urlTemplate\":\"https:\/\/f-v.dk\/?s={search_term_string}\"},\"query-input\":\"required name=search_term_string\"}],\"inLanguage\":\"en-US\"},{\"@type\":\"Organization\",\"@id\":\"https:\/\/f-v.dk\/#organization\",\"name\":\"Finmekanisk V\u00e6rksted ApS\",\"url\":\"https:\/\/f-v.dk\/\",\"logo\":{\"@type\":\"ImageObject\",\"inLanguage\":\"en-US\",\"@id\":\"https:\/\/f-v.dk\/#\/schema\/logo\/image\/\",\"url\":\"https:\/\/f-v.dk\/wp-content\/uploads\/2022\/12\/logo-sort.png\",\"contentUrl\":\"https:\/\/f-v.dk\/wp-content\/uploads\/2022\/12\/logo-sort.png\",\"width\":476,\"height\":95,\"caption\":\"Finmekanisk V\u00e6rksted ApS\"},\"image\":{\"@id\":\"https:\/\/f-v.dk\/#\/schema\/logo\/image\/\"}}]}<\/script>\n<!-- \/ Yoast SEO plugin. -->","yoast_head_json":{"title":"CNC, finmekanik, drejning og fr\u00e6sning i S\u00f8nderborg i Syddanmark &middot; Finmekanisk V\u00e6rksted ApS","robots":{"index":"index","follow":"follow","max-snippet":"max-snippet:-1","max-image-preview":"max-image-preview:large","max-video-preview":"max-video-preview:-1"},"canonical":"https:\/\/f-v.dk\/en\/","og_locale":"en_US","og_type":"article","og_title":"CNC, finmekanik, drejning og fr\u00e6sning i S\u00f8nderborg i Syddanmark &middot; Finmekanisk V\u00e6rksted ApS","og_description":"[vc_row full_width=&#8221;stretch_row&#8221;][vc_column][vc_row_inner][vc_column_inner offset=&#8221;vc_col-lg-2 vc_col-md-2 vc_col-xs-12&#8243;][\/vc_column_inner][vc_column_inner offset=&#8221;vc_col-lg-8 vc_col-md-8 vc_col-xs-12&#8243;][vc_column_text] Finmekanisk V\u00e6rksted ApS CNC, fine mechanics, turning and milling in S\u00f8nderborg in Southern Denmark High-quality precision mechanics At our engineering workshop, we are specialists in the field of precision mechanics. We have served quality-minded businesses in southern Jutland for many years, providing everything from CNC milling and ... Read more","og_url":"https:\/\/f-v.dk\/en\/","og_site_name":"Finmekanisk V\u00e6rksted ApS","article_modified_time":"2023-01-17T08:00:58+00:00","twitter_card":"summary_large_image","twitter_misc":{"Est. reading time":"3 minutes"},"schema":{"@context":"https:\/\/schema.org","@graph":[{"@type":"WebPage","@id":"https:\/\/f-v.dk\/en\/","url":"https:\/\/f-v.dk\/en\/","name":"CNC, finmekanik, drejning og fr\u00e6sning i S\u00f8nderborg i Syddanmark &middot; Finmekanisk V\u00e6rksted ApS","isPartOf":{"@id":"https:\/\/f-v.dk\/#website"},"datePublished":"2020-02-12T07:51:30+00:00","dateModified":"2023-01-17T08:00:58+00:00","breadcrumb":{"@id":"https:\/\/f-v.dk\/en\/#breadcrumb"},"inLanguage":"en-US","potentialAction":[{"@type":"ReadAction","target":["https:\/\/f-v.dk\/en\/"]}]},{"@type":"BreadcrumbList","@id":"https:\/\/f-v.dk\/en\/#breadcrumb","itemListElement":[{"@type":"ListItem","position":1,"name":"Hjem","item":"https:\/\/f-v.dk\/en\/"},{"@type":"ListItem","position":2,"name":"Front page"}]},{"@type":"WebSite","@id":"https:\/\/f-v.dk\/#website","url":"https:\/\/f-v.dk\/","name":"Finmekanisk V\u00e6rksted ApS","description":"CNC, finmekanik, drejning og fr\u00e6sning i S\u00f8nderborg i Syddanmark","publisher":{"@id":"https:\/\/f-v.dk\/#organization"},"potentialAction":[{"@type":"SearchAction","target":{"@type":"EntryPoint","urlTemplate":"https:\/\/f-v.dk\/?s={search_term_string}"},"query-input":"required name=search_term_string"}],"inLanguage":"en-US"},{"@type":"Organization","@id":"https:\/\/f-v.dk\/#organization","name":"Finmekanisk V\u00e6rksted ApS","url":"https:\/\/f-v.dk\/","logo":{"@type":"ImageObject","inLanguage":"en-US","@id":"https:\/\/f-v.dk\/#\/schema\/logo\/image\/","url":"https:\/\/f-v.dk\/wp-content\/uploads\/2022\/12\/logo-sort.png","contentUrl":"https:\/\/f-v.dk\/wp-content\/uploads\/2022\/12\/logo-sort.png","width":476,"height":95,"caption":"Finmekanisk V\u00e6rksted ApS"},"image":{"@id":"https:\/\/f-v.dk\/#\/schema\/logo\/image\/"}}]}},"_links":{"self":[{"href":"https:\/\/f-v.dk\/en\/wp-json\/wp\/v2\/pages\/4659"}],"collection":[{"href":"https:\/\/f-v.dk\/en\/wp-json\/wp\/v2\/pages"}],"about":[{"href":"https:\/\/f-v.dk\/en\/wp-json\/wp\/v2\/types\/page"}],"author":[{"embeddable":true,"href":"https:\/\/f-v.dk\/en\/wp-json\/wp\/v2\/users\/1"}],"replies":[{"embeddable":true,"href":"https:\/\/f-v.dk\/en\/wp-json\/wp\/v2\/comments?post=4659"}],"version-history":[{"count":5,"href":"https:\/\/f-v.dk\/en\/wp-json\/wp\/v2\/pages\/4659\/revisions"}],"predecessor-version":[{"id":4693,"href":"https:\/\/f-v.dk\/en\/wp-json\/wp\/v2\/pages\/4659\/revisions\/4693"}],"wp:attachment":[{"href":"https:\/\/f-v.dk\/en\/wp-json\/wp\/v2\/media?parent=4659"}],"wp:term":[{"taxonomy":"category","embeddable":true,"href":"https:\/\/f-v.dk\/en\/wp-json\/wp\/v2\/categories?post=4659"}],"curies":[{"name":"wp","href":"https:\/\/api.w.org\/{rel}","templated":true}]}}